{"id":136,"date":"2026-01-22T04:31:11","date_gmt":"2026-01-22T04:31:11","guid":{"rendered":"https:\/\/kittyblush.click\/?post_type=product&#038;p=136"},"modified":"2026-02-02T11:22:35","modified_gmt":"2026-02-02T11:22:35","slug":"nude-pink","status":"publish","type":"product","link":"https:\/\/kittyblush.click\/?product=nude-pink","title":{"rendered":"Nude Pink"},"content":{"rendered":"<p data-start=\"3871\" data-end=\"4073\">M\u00e1 h\u1ed3ng Nude Pink l\u00e0 m\u00e0u m\u00e1 h\u1ed3ng h\u1ed3ng nude t\u1ef1 nhi\u00ean.<br data-start=\"3923\" data-end=\"3926\" \/>S\u1eafc m\u00e0u mang l\u1ea1i v\u1ebb \u0111\u1eb9p nh\u1eb9 nh\u00e0ng v\u00e0 tinh t\u1ebf.<br data-start=\"3971\" data-end=\"3974\" \/>M\u00e0u ph\u00f9 h\u1ee3p v\u1edbi nhi\u1ec1u tone da kh\u00e1c nhau.<br data-start=\"4014\" data-end=\"4017\" \/>\u0111\u1eb7c bi\u1ec7t h\u1ee3p phong c\u00e1ch trang \u0111i\u1ec3m t\u1ed1i gi\u1ea3n.<\/p>\n<p data-start=\"4075\" data-end=\"4199\">Ch\u1ea5t m\u00e1 h\u1ed3ng m\u1ecbn, d\u1ec5 t\u00e1n v\u00e0 kh\u00f4ng l\u1ed9 khuy\u1ebft \u0111i\u1ec3m.<br data-start=\"4124\" data-end=\"4127\" \/>M\u00e0u l\u00ean nh\u1eb9 nh\u00e0ng v\u00e0 \u0111\u1ec1u tr\u00ean da.<br data-start=\"4160\" data-end=\"4163\" \/>S\u1ea3n ph\u1ea9m d\u1ec5 ki\u1ec3m so\u00e1t \u0111\u1ed9 \u0111\u1eadm nh\u1ea1t.<\/p>\n<p data-start=\"4201\" data-end=\"4369\">M\u00e1 h\u1ed3ng Nude Pink ph\u00f9 h\u1ee3p d\u00f9ng h\u1eb1ng ng\u00e0y.<br data-start=\"4242\" data-end=\"4245\" \/>M\u00e0u th\u00edch h\u1ee3p \u0111i h\u1ecdc ho\u1eb7c \u0111i l\u00e0m.<br data-start=\"4278\" data-end=\"4281\" \/>Gam h\u1ed3ng nude kh\u00f4ng g\u00e2y c\u1ea3m gi\u00e1c qu\u00e1 n\u1ed5i.<br data-start=\"4322\" data-end=\"4325\" \/>S\u1ea3n ph\u1ea9m gi\u00fap g\u01b0\u01a1ng m\u1eb7t tr\u00f4ng h\u00e0i h\u00f2a h\u01a1n.<\/p>\n<p data-start=\"4371\" data-end=\"4539\">M\u00e1 h\u1ed3ng gi\u1eef m\u00e0u t\u1ed1t trong nhi\u1ec1u gi\u1edd.<br data-start=\"4407\" data-end=\"4410\" \/>M\u00e0u kh\u00f4ng l\u00e0m da tr\u00f4ng x\u1ec9n hay nh\u1ea1t.<br data-start=\"4446\" data-end=\"4449\" \/>d\u1ec5 k\u1ebft h\u1ee3p nhi\u1ec1u phong c\u00e1ch makeup.<br data-start=\"4494\" data-end=\"4497\" \/>\u0110\u00e2y l\u00e0 m\u00e0u m\u00e1 h\u1ed3ng kh\u00f4ng k\u00e9n ng\u01b0\u1eddi d\u00f9ng.<\/p>\n<p data-start=\"4541\" data-end=\"4608\">N\u1ebfu b\u1ea1n y\u00eau th\u00edch v\u1ebb \u0111\u1eb9p t\u1ef1 nhi\u00ean, Nude Pink l\u00e0 l\u1ef1a ch\u1ecdn ph\u00f9 h\u1ee3p.<\/p>\n<h3 data-start=\"175\" data-end=\"213\">S\u1eafc h\u1ed3ng nude nh\u1eb9 nh\u00e0ng, tinh t\u1ebf<\/h3>\n<p data-start=\"214\" data-end=\"411\">M\u00e1 h\u1ed3ng Nude Pink l\u00e0 m\u00e0u m\u00e1 h\u1ed3ng h\u1ed3ng nude t\u1ef1 nhi\u00ean.<br data-start=\"266\" data-end=\"269\" \/>S\u1eafc m\u00e0u mang l\u1ea1i c\u1ea3m gi\u00e1c nh\u1eb9 nh\u00e0ng v\u00e0 thanh l\u1ecbch.<br data-start=\"319\" data-end=\"322\" \/>Nude Pink gi\u00fap g\u01b0\u01a1ng m\u1eb7t tr\u00f4ng h\u00e0i h\u00f2a h\u01a1n.<br data-start=\"365\" data-end=\"368\" \/>M\u00e0u kh\u00f4ng qu\u00e1 n\u1ed5i nh\u01b0ng v\u1eabn c\u00f3 \u0111i\u1ec3m nh\u1ea5n.<\/p>\n<h3 data-start=\"413\" data-end=\"440\">Ph\u00f9 h\u1ee3p nhi\u1ec1u tone da<\/h3>\n<p data-start=\"441\" data-end=\"613\">M\u00e1 h\u1ed3ng Nude Pink ph\u00f9 h\u1ee3p v\u1edbi nhi\u1ec1u tone da.<br data-start=\"485\" data-end=\"488\" \/>Da s\u00e1ng v\u00e0 da trung b\u00ecnh \u0111\u1ec1u l\u00ean m\u00e0u \u0111\u1eb9p.<br data-start=\"529\" data-end=\"532\" \/>M\u00e0u h\u1ed3ng nude kh\u00f4ng l\u00e0m x\u1ec9n da.<br data-start=\"563\" data-end=\"566\" \/>S\u1ea3n ph\u1ea9m ph\u00f9 h\u1ee3p nhi\u1ec1u phong c\u00e1ch trang \u0111i\u1ec3m.<\/p>\n<h3 data-start=\"615\" data-end=\"645\">Ch\u1ea5t m\u00e1 h\u1ed3ng m\u1ecbn, d\u1ec5 t\u00e1n<\/h3>\n<p data-start=\"646\" data-end=\"790\">Ch\u1ea5t m\u00e1 h\u1ed3ng m\u1ecbn, d\u1ec5 t\u00e1n \u0111\u1ec1u tr\u00ean da.<br data-start=\"683\" data-end=\"686\" \/>M\u00e0u l\u00ean nh\u1eb9 nh\u00e0ng v\u00e0 t\u1ef1 nhi\u00ean.<br data-start=\"716\" data-end=\"719\" \/>S\u1ea3n ph\u1ea9m kh\u00f4ng l\u00e0m l\u1ed9 khuy\u1ebft \u0111i\u1ec3m.<br data-start=\"753\" data-end=\"756\" \/>M\u00e1 h\u1ed3ng kh\u00f4ng g\u00e2y d\u00e0y hay b\u00ed da.<\/p>\n<h3 data-start=\"792\" data-end=\"834\">Phong c\u00e1ch makeup t\u1ef1 nhi\u00ean, t\u1ed1i gi\u1ea3n<\/h3>\n<p data-start=\"835\" data-end=\"1003\">M\u00e1 h\u1ed3ng ph\u00f9 h\u1ee3p makeup t\u1ef1 nhi\u00ean.<br data-start=\"877\" data-end=\"880\" \/>M\u00e0u th\u00edch h\u1ee3p trang \u0111i\u1ec3m \u0111i h\u1ecdc.<br data-start=\"912\" data-end=\"915\" \/>S\u1ea3n ph\u1ea9m c\u0169ng ph\u00f9 h\u1ee3p \u0111i l\u00e0m m\u1ed7i ng\u00e0y.<br data-start=\"953\" data-end=\"956\" \/>Gam h\u1ed3ng nude d\u1ec5 k\u1ebft h\u1ee3p nhi\u1ec1u layout makeup.<\/p>\n<h3 data-start=\"1005\" data-end=\"1041\">\u0110\u1ed9 b\u00e1m m\u00e0u \u1ed5n \u0111\u1ecbnh, d\u1ec5 s\u1eed d\u1ee5ng<\/h3>\n<p data-start=\"1042\" data-end=\"1206\">M\u00e1 h\u1ed3ng Nude Pink gi\u1eef m\u00e0u \u1ed5n \u0111\u1ecbnh.<br data-start=\"1076\" data-end=\"1079\" \/>M\u00e0u kh\u00f4ng xu\u1ed1ng tone nhanh trong ng\u00e0y.<br data-start=\"1117\" data-end=\"1120\" \/>S\u1ea3n ph\u1ea9m ph\u00f9 h\u1ee3p cho ng\u01b0\u1eddi m\u1edbi makeup.<br data-start=\"1158\" data-end=\"1161\" \/>l\u00e0 m\u00e0u m\u00e1 h\u1ed3ng d\u1ec5 d\u00f9ng h\u1eb1ng ng\u00e0y.<\/p>\n","protected":false},"excerpt":{"rendered":"<p>M\u00e1 h\u1ed3ng Nude Pink l\u00e0 m\u00e0u m\u00e1 h\u1ed3ng h\u1ed3ng nude t\u1ef1 nhi\u00ean.S\u1eafc m\u00e0u mang l\u1ea1i v\u1ebb \u0111\u1eb9p nh\u1eb9 nh\u00e0ng v\u00e0 tinh t\u1ebf.M\u00e0u ph\u00f9 h\u1ee3p v\u1edbi nhi\u1ec1u tone da kh\u00e1c nhau.\u0111\u1eb7c bi\u1ec7t h\u1ee3p phong c\u00e1ch trang \u0111i\u1ec3m t\u1ed1i gi\u1ea3n. Ch\u1ea5t m\u00e1 h\u1ed3ng m\u1ecbn, d\u1ec5 t\u00e1n v\u00e0 kh\u00f4ng l\u1ed9 khuy\u1ebft \u0111i\u1ec3m.M\u00e0u l\u00ean nh\u1eb9 nh\u00e0ng v\u00e0 \u0111\u1ec1u tr\u00ean [&hellip;]<\/p>\n","protected":false},"featured_media":121,"comment_status":"open","ping_status":"closed","template":"","meta":[],"product_brand":[],"product_cat":[23],"product_tag":[],"class_list":{"0":"post-136","1":"product","2":"type-product","3":"status-publish","4":"has-post-thumbnail","6":"product_cat-ma-hong","8":"first","9":"instock","10":"sale","11":"shipping-taxable","12":"purchasable","13":"product-type-simple"},"yoast_head":"<!-- This site is optimized with the Yoast SEO plugin v26.7 - https:\/\/yoast.com\/wordpress\/plugins\/seo\/ -->\n<title>Nude Pink - Kitty Blush<\/title>\n<meta name=\"description\" content=\"M\u00e1 h\u1ed3ng Nude Pink ph\u00f9 h\u1ee3p d\u00f9ng h\u1eb1ng ng\u00e0y.M\u00e0u th\u00edch h\u1ee3p \u0111i h\u1ecdc ho\u1eb7c \u0111i l\u00e0m.Gam h\u1ed3ng nude kh\u00f4ng g\u00e2y c\u1ea3m gi\u00e1c qu\u00e1 n\u1ed5i.S\u1ea3n ph\u1ea9m gi\u00fap g\u01b0\u01a1ng m\u1eb7t h\u00e0i h\u00f2a h\u01a1n.\" \/>\n<meta name=\"robots\" content=\"index, follow, max-snippet:-1, max-image-preview:large, max-video-preview:-1\" \/>\n<link rel=\"canonical\" href=\"https:\/\/kittyblush.click\/?product=nude-pink\" \/>\n<meta property=\"og:locale\" content=\"vi_VN\" \/>\n<meta property=\"og:type\" content=\"article\" \/>\n<meta property=\"og:title\" content=\"Nude Pink - Kitty Blush\" \/>\n<meta property=\"og:description\" content=\"M\u00e1 h\u1ed3ng Nude Pink ph\u00f9 h\u1ee3p d\u00f9ng h\u1eb1ng ng\u00e0y.M\u00e0u th\u00edch h\u1ee3p \u0111i h\u1ecdc ho\u1eb7c \u0111i l\u00e0m.Gam h\u1ed3ng nude kh\u00f4ng g\u00e2y c\u1ea3m gi\u00e1c qu\u00e1 n\u1ed5i.S\u1ea3n ph\u1ea9m gi\u00fap g\u01b0\u01a1ng m\u1eb7t h\u00e0i h\u00f2a h\u01a1n.\" \/>\n<meta property=\"og:url\" content=\"https:\/\/kittyblush.click\/?product=nude-pink\" \/>\n<meta property=\"og:site_name\" content=\"Kitty Blush\" \/>\n<meta property=\"article:modified_time\" content=\"2026-02-02T11:22:35+00:00\" \/>\n<meta property=\"og:image\" content=\"https:\/\/kittyblush.click\/wp-content\/uploads\/2026\/01\/image-10.png\" \/>\n\t<meta property=\"og:image:width\" content=\"1024\" \/>\n\t<meta property=\"og:image:height\" content=\"1536\" \/>\n\t<meta property=\"og:image:type\" content=\"image\/png\" \/>\n<meta name=\"twitter:card\" content=\"summary_large_image\" \/>\n<meta name=\"twitter:label1\" content=\"\u01af\u1edbc t\u00ednh th\u1eddi gian \u0111\u1ecdc\" \/>\n\t<meta name=\"twitter:data1\" content=\"2 ph\u00fat\" \/>\n<script type=\"application\/ld+json\" class=\"yoast-schema-graph\">{\"@context\":\"https:\/\/schema.org\",\"@graph\":[{\"@type\":\"WebPage\",\"@id\":\"https:\/\/kittyblush.click\/?product=nude-pink\",\"url\":\"https:\/\/kittyblush.click\/?product=nude-pink\",\"name\":\"Nude Pink - Kitty Blush\",\"isPartOf\":{\"@id\":\"https:\/\/kittyblush.click\/#website\"},\"primaryImageOfPage\":{\"@id\":\"https:\/\/kittyblush.click\/?product=nude-pink#primaryimage\"},\"image\":{\"@id\":\"https:\/\/kittyblush.click\/?product=nude-pink#primaryimage\"},\"thumbnailUrl\":\"https:\/\/kittyblush.click\/wp-content\/uploads\/2026\/01\/image-10.png\",\"datePublished\":\"2026-01-22T04:31:11+00:00\",\"dateModified\":\"2026-02-02T11:22:35+00:00\",\"description\":\"M\u00e1 h\u1ed3ng Nude Pink ph\u00f9 h\u1ee3p d\u00f9ng h\u1eb1ng ng\u00e0y.M\u00e0u th\u00edch h\u1ee3p \u0111i h\u1ecdc ho\u1eb7c \u0111i l\u00e0m.Gam h\u1ed3ng nude kh\u00f4ng g\u00e2y c\u1ea3m gi\u00e1c qu\u00e1 n\u1ed5i.S\u1ea3n ph\u1ea9m gi\u00fap g\u01b0\u01a1ng m\u1eb7t h\u00e0i h\u00f2a h\u01a1n.\",\"breadcrumb\":{\"@id\":\"https:\/\/kittyblush.click\/?product=nude-pink#breadcrumb\"},\"inLanguage\":\"vi\",\"potentialAction\":[{\"@type\":\"ReadAction\",\"target\":[\"https:\/\/kittyblush.click\/?product=nude-pink\"]}]},{\"@type\":\"ImageObject\",\"inLanguage\":\"vi\",\"@id\":\"https:\/\/kittyblush.click\/?product=nude-pink#primaryimage\",\"url\":\"https:\/\/kittyblush.click\/wp-content\/uploads\/2026\/01\/image-10.png\",\"contentUrl\":\"https:\/\/kittyblush.click\/wp-content\/uploads\/2026\/01\/image-10.png\",\"width\":1024,\"height\":1536},{\"@type\":\"BreadcrumbList\",\"@id\":\"https:\/\/kittyblush.click\/?product=nude-pink#breadcrumb\",\"itemListElement\":[{\"@type\":\"ListItem\",\"position\":1,\"name\":\"Home\",\"item\":\"https:\/\/kittyblush.click\/\"},{\"@type\":\"ListItem\",\"position\":2,\"name\":\"Shop\",\"item\":\"https:\/\/kittyblush.click\/?page_id=5\"},{\"@type\":\"ListItem\",\"position\":3,\"name\":\"Nude Pink\"}]},{\"@type\":\"WebSite\",\"@id\":\"https:\/\/kittyblush.click\/#website\",\"url\":\"https:\/\/kittyblush.click\/\",\"name\":\"Kitty Blush\",\"description\":\"\",\"potentialAction\":[{\"@type\":\"SearchAction\",\"target\":{\"@type\":\"EntryPoint\",\"urlTemplate\":\"https:\/\/kittyblush.click\/?s={search_term_string}\"},\"query-input\":{\"@type\":\"PropertyValueSpecification\",\"valueRequired\":true,\"valueName\":\"search_term_string\"}}],\"inLanguage\":\"vi\"}]}<\/script>\n<!-- \/ Yoast SEO plugin. -->","yoast_head_json":{"title":"Nude Pink - Kitty Blush","description":"M\u00e1 h\u1ed3ng Nude Pink ph\u00f9 h\u1ee3p d\u00f9ng h\u1eb1ng ng\u00e0y.M\u00e0u th\u00edch h\u1ee3p \u0111i h\u1ecdc ho\u1eb7c \u0111i l\u00e0m.Gam h\u1ed3ng nude kh\u00f4ng g\u00e2y c\u1ea3m gi\u00e1c qu\u00e1 n\u1ed5i.S\u1ea3n ph\u1ea9m gi\u00fap g\u01b0\u01a1ng m\u1eb7t h\u00e0i h\u00f2a h\u01a1n.","robots":{"index":"index","follow":"follow","max-snippet":"max-snippet:-1","max-image-preview":"max-image-preview:large","max-video-preview":"max-video-preview:-1"},"canonical":"https:\/\/kittyblush.click\/?product=nude-pink","og_locale":"vi_VN","og_type":"article","og_title":"Nude Pink - Kitty Blush","og_description":"M\u00e1 h\u1ed3ng Nude Pink ph\u00f9 h\u1ee3p d\u00f9ng h\u1eb1ng ng\u00e0y.M\u00e0u th\u00edch h\u1ee3p \u0111i h\u1ecdc ho\u1eb7c \u0111i l\u00e0m.Gam h\u1ed3ng nude kh\u00f4ng g\u00e2y c\u1ea3m gi\u00e1c qu\u00e1 n\u1ed5i.S\u1ea3n ph\u1ea9m gi\u00fap g\u01b0\u01a1ng m\u1eb7t h\u00e0i h\u00f2a h\u01a1n.","og_url":"https:\/\/kittyblush.click\/?product=nude-pink","og_site_name":"Kitty Blush","article_modified_time":"2026-02-02T11:22:35+00:00","og_image":[{"width":1024,"height":1536,"url":"https:\/\/kittyblush.click\/wp-content\/uploads\/2026\/01\/image-10.png","type":"image\/png"}],"twitter_card":"summary_large_image","twitter_misc":{"\u01af\u1edbc t\u00ednh th\u1eddi gian \u0111\u1ecdc":"2 ph\u00fat"},"schema":{"@context":"https:\/\/schema.org","@graph":[{"@type":"WebPage","@id":"https:\/\/kittyblush.click\/?product=nude-pink","url":"https:\/\/kittyblush.click\/?product=nude-pink","name":"Nude Pink - Kitty Blush","isPartOf":{"@id":"https:\/\/kittyblush.click\/#website"},"primaryImageOfPage":{"@id":"https:\/\/kittyblush.click\/?product=nude-pink#primaryimage"},"image":{"@id":"https:\/\/kittyblush.click\/?product=nude-pink#primaryimage"},"thumbnailUrl":"https:\/\/kittyblush.click\/wp-content\/uploads\/2026\/01\/image-10.png","datePublished":"2026-01-22T04:31:11+00:00","dateModified":"2026-02-02T11:22:35+00:00","description":"M\u00e1 h\u1ed3ng Nude Pink ph\u00f9 h\u1ee3p d\u00f9ng h\u1eb1ng ng\u00e0y.M\u00e0u th\u00edch h\u1ee3p \u0111i h\u1ecdc ho\u1eb7c \u0111i l\u00e0m.Gam h\u1ed3ng nude kh\u00f4ng g\u00e2y c\u1ea3m gi\u00e1c qu\u00e1 n\u1ed5i.S\u1ea3n ph\u1ea9m gi\u00fap g\u01b0\u01a1ng m\u1eb7t h\u00e0i h\u00f2a h\u01a1n.","breadcrumb":{"@id":"https:\/\/kittyblush.click\/?product=nude-pink#breadcrumb"},"inLanguage":"vi","potentialAction":[{"@type":"ReadAction","target":["https:\/\/kittyblush.click\/?product=nude-pink"]}]},{"@type":"ImageObject","inLanguage":"vi","@id":"https:\/\/kittyblush.click\/?product=nude-pink#primaryimage","url":"https:\/\/kittyblush.click\/wp-content\/uploads\/2026\/01\/image-10.png","contentUrl":"https:\/\/kittyblush.click\/wp-content\/uploads\/2026\/01\/image-10.png","width":1024,"height":1536},{"@type":"BreadcrumbList","@id":"https:\/\/kittyblush.click\/?product=nude-pink#breadcrumb","itemListElement":[{"@type":"ListItem","position":1,"name":"Home","item":"https:\/\/kittyblush.click\/"},{"@type":"ListItem","position":2,"name":"Shop","item":"https:\/\/kittyblush.click\/?page_id=5"},{"@type":"ListItem","position":3,"name":"Nude Pink"}]},{"@type":"WebSite","@id":"https:\/\/kittyblush.click\/#website","url":"https:\/\/kittyblush.click\/","name":"Kitty Blush","description":"","potentialAction":[{"@type":"SearchAction","target":{"@type":"EntryPoint","urlTemplate":"https:\/\/kittyblush.click\/?s={search_term_string}"},"query-input":{"@type":"PropertyValueSpecification","valueRequired":true,"valueName":"search_term_string"}}],"inLanguage":"vi"}]}},"_links":{"self":[{"href":"https:\/\/kittyblush.click\/index.php?rest_route=\/wp\/v2\/product\/136","targetHints":{"allow":["GET"]}}],"collection":[{"href":"https:\/\/kittyblush.click\/index.php?rest_route=\/wp\/v2\/product"}],"about":[{"href":"https:\/\/kittyblush.click\/index.php?rest_route=\/wp\/v2\/types\/product"}],"replies":[{"embeddable":true,"href":"https:\/\/kittyblush.click\/index.php?rest_route=%2Fwp%2Fv2%2Fcomments&post=136"}],"wp:featuredmedia":[{"embeddable":true,"href":"https:\/\/kittyblush.click\/index.php?rest_route=\/wp\/v2\/media\/121"}],"wp:attachment":[{"href":"https:\/\/kittyblush.click\/index.php?rest_route=%2Fwp%2Fv2%2Fmedia&parent=136"}],"wp:term":[{"taxonomy":"product_brand","embeddable":true,"href":"https:\/\/kittyblush.click\/index.php?rest_route=%2Fwp%2Fv2%2Fproduct_brand&post=136"},{"taxonomy":"product_cat","embeddable":true,"href":"https:\/\/kittyblush.click\/index.php?rest_route=%2Fwp%2Fv2%2Fproduct_cat&post=136"},{"taxonomy":"product_tag","embeddable":true,"href":"https:\/\/kittyblush.click\/index.php?rest_route=%2Fwp%2Fv2%2Fproduct_tag&post=136"}],"curies":[{"name":"wp","href":"https:\/\/api.w.org\/{rel}","templated":true}]}}