{"id":135,"date":"2026-01-22T04:25:36","date_gmt":"2026-01-22T04:25:36","guid":{"rendered":"https:\/\/kittyblush.click\/?post_type=product&#038;p=135"},"modified":"2026-02-02T11:23:23","modified_gmt":"2026-02-02T11:23:23","slug":"coral","status":"publish","type":"product","link":"https:\/\/kittyblush.click\/?product=coral","title":{"rendered":"Coral"},"content":{"rendered":"<p data-start=\"3122\" data-end=\"3300\">M\u00e1 h\u1ed3ng Coral l\u00e0 m\u00e0u m\u00e1 h\u1ed3ng cam san h\u00f4 nh\u1eb9.<br data-start=\"3166\" data-end=\"3169\" \/>S\u1eafc cam san h\u00f4 mang l\u1ea1i c\u1ea3m gi\u00e1c t\u01b0\u01a1i m\u1edbi.<br data-start=\"3211\" data-end=\"3214\" \/>M\u00e0u gi\u00fap g\u01b0\u01a1ng m\u1eb7t tr\u00f4ng tr\u1ebb trung h\u01a1n.<br data-start=\"3253\" data-end=\"3256\" \/>Coral ph\u00f9 h\u1ee3p v\u1edbi nhi\u1ec1u tone da kh\u00e1c nhau.<\/p>\n<p data-start=\"3302\" data-end=\"3429\">Ch\u1ea5t m\u00e1 h\u1ed3ng m\u1ecbn, d\u1ec5 t\u00e1n v\u00e0 kh\u00f4ng n\u1eb7ng da.<br data-start=\"3344\" data-end=\"3347\" \/>M\u00e0u l\u00ean \u0111\u1ec1u v\u00e0 t\u1ef1 nhi\u00ean tr\u00ean da.<br data-start=\"3379\" data-end=\"3382\" \/>S\u1ea3n ph\u1ea9m kh\u00f4ng g\u00e2y b\u00ed hay d\u00e0y l\u1edbp trang \u0111i\u1ec3m.<\/p>\n<p data-start=\"3431\" data-end=\"3585\">M\u00e1 h\u1ed3ng ph\u00f9 h\u1ee3p trang \u0111i\u1ec3m h\u1eb1ng ng\u00e0y.<br data-start=\"3474\" data-end=\"3477\" \/>M\u00e0u th\u00edch h\u1ee3p \u0111i h\u1ecdc ho\u1eb7c \u0111i l\u00e0m.<br data-start=\"3510\" data-end=\"3513\" \/>Gam cam san h\u00f4 d\u1ec5 k\u1ebft h\u1ee3p makeup.<br data-start=\"3546\" data-end=\"3549\" \/>Coral mang l\u1ea1i v\u1ebb ngo\u00e0i n\u0103ng \u0111\u1ed9ng.<\/p>\n<p data-start=\"3587\" data-end=\"3742\">S\u1ea3n ph\u1ea9m gi\u1eef m\u00e0u \u1ed5n \u0111\u1ecbnh trong ng\u00e0y d\u00e0i.<br data-start=\"3627\" data-end=\"3630\" \/>M\u00e0u kh\u00f4ng xu\u1ed1ng tone nhanh.<br data-start=\"3657\" data-end=\"3660\" \/>M\u00e1 h\u1ed3ng ph\u00f9 h\u1ee3p ng\u01b0\u1eddi m\u1edbi makeup.<br data-start=\"3699\" data-end=\"3702\" \/>\u0110\u00e2y l\u00e0 m\u00e0u m\u00e1 h\u1ed3ng an to\u00e0n v\u00e0 d\u1ec5 d\u00f9ng.<\/p>\n<p data-start=\"3744\" data-end=\"3803\">N\u1ebfu b\u1ea1n c\u1ea7n m\u1ed9t m\u00e0u m\u00e1 h\u1ed3ng t\u01b0\u01a1i t\u1eafn, Coral r\u1ea5t \u0111\u00e1ng th\u1eed.<\/p>\n<h3 data-start=\"162\" data-end=\"205\">S\u1eafc cam san h\u00f4 nh\u1eb9, d\u1ec5 d\u00f9ng h\u1eb1ng ng\u00e0y<\/h3>\n<p data-start=\"206\" data-end=\"386\">M\u00e1 h\u1ed3ng Coral l\u00e0 m\u00e0u m\u00e1 h\u1ed3ng cam san h\u00f4 nh\u1eb9.<br data-start=\"250\" data-end=\"253\" \/>S\u1eafc m\u00e0u mang l\u1ea1i c\u1ea3m gi\u00e1c t\u01b0\u01a1i t\u1eafn v\u00e0 tr\u1ebb trung.<br data-start=\"301\" data-end=\"304\" \/>Coral gi\u00fap g\u01b0\u01a1ng m\u1eb7t tr\u00f4ng r\u1ea1ng r\u1ee1 h\u01a1n.<br data-start=\"343\" data-end=\"346\" \/>M\u00e0u kh\u00f4ng qu\u00e1 cam c\u0169ng kh\u00f4ng qu\u00e1 h\u1ed3ng.<\/p>\n<h3 data-start=\"388\" data-end=\"425\">Ph\u00f9 h\u1ee3p nhi\u1ec1u tone da kh\u00e1c nhau<\/h3>\n<p data-start=\"426\" data-end=\"592\">M\u00e1 h\u1ed3ng Coral ph\u00f9 h\u1ee3p v\u1edbi nhi\u1ec1u tone da.<br data-start=\"466\" data-end=\"469\" \/>Da s\u00e1ng v\u00e0 da trung b\u00ecnh \u0111\u1ec1u s\u1eed d\u1ee5ng \u0111\u1eb9p.<br data-start=\"510\" data-end=\"513\" \/>M\u00e0u cam san h\u00f4 gi\u00fap da tr\u00f4ng kh\u1ecfe kho\u1eafn.<br data-start=\"553\" data-end=\"556\" \/>S\u1ea3n ph\u1ea9m kh\u00f4ng l\u00e0m x\u1ec9n hay t\u1ed1i da.<\/p>\n<h3 data-start=\"594\" data-end=\"624\">Ch\u1ea5t m\u00e1 h\u1ed3ng m\u1ecbn, d\u1ec5 t\u00e1n<\/h3>\n<p data-start=\"625\" data-end=\"789\">Ch\u1ea5t m\u00e1 h\u1ed3ng m\u1ecbn, d\u1ec5 t\u00e1n \u0111\u1ec1u tr\u00ean da.<br data-start=\"662\" data-end=\"665\" \/>M\u00e0u l\u00ean nh\u1eb9 nh\u00e0ng ngay t\u1eeb l\u1edbp \u0111\u1ea7u ti\u00ean.<br data-start=\"704\" data-end=\"707\" \/>S\u1ea3n ph\u1ea9m kh\u00f4ng g\u00e2y v\u00f3n c\u1ee5c khi ch\u1ed3ng l\u1edbp.<br data-start=\"748\" data-end=\"751\" \/>M\u00e1 h\u1ed3ng kh\u00f4ng t\u1ea1o c\u1ea3m gi\u00e1c n\u1eb7ng m\u1eb7t.<\/p>\n<h3 data-start=\"791\" data-end=\"836\">Ph\u00f9 h\u1ee3p phong c\u00e1ch trang \u0111i\u1ec3m h\u1eb1ng ng\u00e0y<\/h3>\n<p data-start=\"837\" data-end=\"1007\">M\u00e1 h\u1ed3ng Coral th\u00edch h\u1ee3p trang \u0111i\u1ec3m \u0111i h\u1ecdc.<br data-start=\"879\" data-end=\"882\" \/>M\u00e0u c\u0169ng ph\u00f9 h\u1ee3p khi makeup \u0111i l\u00e0m.<br data-start=\"917\" data-end=\"920\" \/>Gam cam san h\u00f4 t\u1ea1o c\u1ea3m gi\u00e1c n\u0103ng \u0111\u1ed9ng.<br data-start=\"958\" data-end=\"961\" \/>S\u1ea3n ph\u1ea9m d\u1ec5 k\u1ebft h\u1ee3p nhi\u1ec1u phong c\u00e1ch makeup.<\/p>\n<h3 data-start=\"1009\" data-end=\"1047\">\u0110\u1ed9 b\u00e1m m\u00e0u \u1ed5n \u0111\u1ecbnh, d\u1ec5 ki\u1ec3m so\u00e1t<\/h3>\n<p data-start=\"1048\" data-end=\"1221\">M\u00e1 h\u1ed3ng Coral gi\u1eef m\u00e0u \u1ed5n \u0111\u1ecbnh trong nhi\u1ec1u gi\u1edd.<br data-start=\"1094\" data-end=\"1097\" \/>M\u00e0u kh\u00f4ng xu\u1ed1ng tone nhanh trong ng\u00e0y.<br data-start=\"1135\" data-end=\"1138\" \/>S\u1ea3n ph\u1ea9m ph\u00f9 h\u1ee3p cho ng\u01b0\u1eddi m\u1edbi makeup.<br data-start=\"1176\" data-end=\"1179\" \/>Coral l\u00e0 m\u00e0u m\u00e1 h\u1ed3ng an to\u00e0n v\u00e0 d\u1ec5 d\u00f9ng.<\/p>\n","protected":false},"excerpt":{"rendered":"<p>M\u00e1 h\u1ed3ng Coral l\u00e0 m\u00e0u m\u00e1 h\u1ed3ng cam san h\u00f4 nh\u1eb9.S\u1eafc cam san h\u00f4 mang l\u1ea1i c\u1ea3m gi\u00e1c t\u01b0\u01a1i m\u1edbi.M\u00e0u gi\u00fap g\u01b0\u01a1ng m\u1eb7t tr\u00f4ng tr\u1ebb trung h\u01a1n.Coral ph\u00f9 h\u1ee3p v\u1edbi nhi\u1ec1u tone da kh\u00e1c nhau. Ch\u1ea5t m\u00e1 h\u1ed3ng m\u1ecbn, d\u1ec5 t\u00e1n v\u00e0 kh\u00f4ng n\u1eb7ng da.M\u00e0u l\u00ean \u0111\u1ec1u v\u00e0 t\u1ef1 nhi\u00ean tr\u00ean da.S\u1ea3n ph\u1ea9m kh\u00f4ng g\u00e2y [&hellip;]<\/p>\n","protected":false},"featured_media":122,"comment_status":"open","ping_status":"closed","template":"","meta":[],"product_brand":[],"product_cat":[23],"product_tag":[20],"class_list":{"0":"post-135","1":"product","2":"type-product","3":"status-publish","4":"has-post-thumbnail","6":"product_cat-ma-hong","7":"product_tag-ma-hong","9":"first","10":"instock","11":"sale","12":"shipping-taxable","13":"purchasable","14":"product-type-simple"},"yoast_head":"<!-- This site is optimized with the Yoast SEO plugin v26.7 - https:\/\/yoast.com\/wordpress\/plugins\/seo\/ -->\n<title>Coral - Kitty Blush<\/title>\n<meta name=\"description\" content=\"M\u00e1 h\u1ed3ng Coral ph\u00f9 h\u1ee3p ng\u01b0\u1eddi m\u1edbi makeup.\u0110\u00e2y l\u00e0 m\u00e0u m\u00e1 h\u1ed3ng an to\u00e0n v\u00e0 d\u1ec5 d\u00f9ng.N\u1ebfu b\u1ea1n c\u1ea7n m\u1ed9t m\u00e0u m\u00e1 h\u1ed3ng t\u01b0\u01a1i t\u1eafn, Coral r\u1ea5t \u0111\u00e1ng th\u1eed.\" \/>\n<meta name=\"robots\" content=\"index, follow, max-snippet:-1, max-image-preview:large, max-video-preview:-1\" \/>\n<link rel=\"canonical\" href=\"https:\/\/kittyblush.click\/?product=coral\" \/>\n<meta property=\"og:locale\" content=\"vi_VN\" \/>\n<meta property=\"og:type\" content=\"article\" \/>\n<meta property=\"og:title\" content=\"Coral - Kitty Blush\" \/>\n<meta property=\"og:description\" content=\"M\u00e1 h\u1ed3ng Coral ph\u00f9 h\u1ee3p ng\u01b0\u1eddi m\u1edbi makeup.\u0110\u00e2y l\u00e0 m\u00e0u m\u00e1 h\u1ed3ng an to\u00e0n v\u00e0 d\u1ec5 d\u00f9ng.N\u1ebfu b\u1ea1n c\u1ea7n m\u1ed9t m\u00e0u m\u00e1 h\u1ed3ng t\u01b0\u01a1i t\u1eafn, Coral r\u1ea5t \u0111\u00e1ng th\u1eed.\" \/>\n<meta property=\"og:url\" content=\"https:\/\/kittyblush.click\/?product=coral\" \/>\n<meta property=\"og:site_name\" content=\"Kitty Blush\" \/>\n<meta property=\"article:modified_time\" content=\"2026-02-02T11:23:23+00:00\" \/>\n<meta property=\"og:image\" content=\"https:\/\/kittyblush.click\/wp-content\/uploads\/2026\/01\/image-11.png\" \/>\n\t<meta property=\"og:image:width\" content=\"1536\" \/>\n\t<meta property=\"og:image:height\" content=\"1024\" \/>\n\t<meta property=\"og:image:type\" content=\"image\/png\" \/>\n<meta name=\"twitter:card\" content=\"summary_large_image\" \/>\n<meta name=\"twitter:label1\" content=\"\u01af\u1edbc t\u00ednh th\u1eddi gian \u0111\u1ecdc\" \/>\n\t<meta name=\"twitter:data1\" content=\"2 ph\u00fat\" \/>\n<script type=\"application\/ld+json\" class=\"yoast-schema-graph\">{\"@context\":\"https:\/\/schema.org\",\"@graph\":[{\"@type\":\"WebPage\",\"@id\":\"https:\/\/kittyblush.click\/?product=coral\",\"url\":\"https:\/\/kittyblush.click\/?product=coral\",\"name\":\"Coral - Kitty Blush\",\"isPartOf\":{\"@id\":\"https:\/\/kittyblush.click\/#website\"},\"primaryImageOfPage\":{\"@id\":\"https:\/\/kittyblush.click\/?product=coral#primaryimage\"},\"image\":{\"@id\":\"https:\/\/kittyblush.click\/?product=coral#primaryimage\"},\"thumbnailUrl\":\"https:\/\/kittyblush.click\/wp-content\/uploads\/2026\/01\/image-11.png\",\"datePublished\":\"2026-01-22T04:25:36+00:00\",\"dateModified\":\"2026-02-02T11:23:23+00:00\",\"description\":\"M\u00e1 h\u1ed3ng Coral ph\u00f9 h\u1ee3p ng\u01b0\u1eddi m\u1edbi makeup.\u0110\u00e2y l\u00e0 m\u00e0u m\u00e1 h\u1ed3ng an to\u00e0n v\u00e0 d\u1ec5 d\u00f9ng.N\u1ebfu b\u1ea1n c\u1ea7n m\u1ed9t m\u00e0u m\u00e1 h\u1ed3ng t\u01b0\u01a1i t\u1eafn, Coral r\u1ea5t \u0111\u00e1ng th\u1eed.\",\"breadcrumb\":{\"@id\":\"https:\/\/kittyblush.click\/?product=coral#breadcrumb\"},\"inLanguage\":\"vi\",\"potentialAction\":[{\"@type\":\"ReadAction\",\"target\":[\"https:\/\/kittyblush.click\/?product=coral\"]}]},{\"@type\":\"ImageObject\",\"inLanguage\":\"vi\",\"@id\":\"https:\/\/kittyblush.click\/?product=coral#primaryimage\",\"url\":\"https:\/\/kittyblush.click\/wp-content\/uploads\/2026\/01\/image-11.png\",\"contentUrl\":\"https:\/\/kittyblush.click\/wp-content\/uploads\/2026\/01\/image-11.png\",\"width\":1536,\"height\":1024},{\"@type\":\"BreadcrumbList\",\"@id\":\"https:\/\/kittyblush.click\/?product=coral#breadcrumb\",\"itemListElement\":[{\"@type\":\"ListItem\",\"position\":1,\"name\":\"Home\",\"item\":\"https:\/\/kittyblush.click\/\"},{\"@type\":\"ListItem\",\"position\":2,\"name\":\"Shop\",\"item\":\"https:\/\/kittyblush.click\/?page_id=5\"},{\"@type\":\"ListItem\",\"position\":3,\"name\":\"Coral\"}]},{\"@type\":\"WebSite\",\"@id\":\"https:\/\/kittyblush.click\/#website\",\"url\":\"https:\/\/kittyblush.click\/\",\"name\":\"Kitty Blush\",\"description\":\"\",\"potentialAction\":[{\"@type\":\"SearchAction\",\"target\":{\"@type\":\"EntryPoint\",\"urlTemplate\":\"https:\/\/kittyblush.click\/?s={search_term_string}\"},\"query-input\":{\"@type\":\"PropertyValueSpecification\",\"valueRequired\":true,\"valueName\":\"search_term_string\"}}],\"inLanguage\":\"vi\"}]}<\/script>\n<!-- \/ Yoast SEO plugin. -->","yoast_head_json":{"title":"Coral - Kitty Blush","description":"M\u00e1 h\u1ed3ng Coral ph\u00f9 h\u1ee3p ng\u01b0\u1eddi m\u1edbi makeup.\u0110\u00e2y l\u00e0 m\u00e0u m\u00e1 h\u1ed3ng an to\u00e0n v\u00e0 d\u1ec5 d\u00f9ng.N\u1ebfu b\u1ea1n c\u1ea7n m\u1ed9t m\u00e0u m\u00e1 h\u1ed3ng t\u01b0\u01a1i t\u1eafn, Coral r\u1ea5t \u0111\u00e1ng th\u1eed.","robots":{"index":"index","follow":"follow","max-snippet":"max-snippet:-1","max-image-preview":"max-image-preview:large","max-video-preview":"max-video-preview:-1"},"canonical":"https:\/\/kittyblush.click\/?product=coral","og_locale":"vi_VN","og_type":"article","og_title":"Coral - Kitty Blush","og_description":"M\u00e1 h\u1ed3ng Coral ph\u00f9 h\u1ee3p ng\u01b0\u1eddi m\u1edbi makeup.\u0110\u00e2y l\u00e0 m\u00e0u m\u00e1 h\u1ed3ng an to\u00e0n v\u00e0 d\u1ec5 d\u00f9ng.N\u1ebfu b\u1ea1n c\u1ea7n m\u1ed9t m\u00e0u m\u00e1 h\u1ed3ng t\u01b0\u01a1i t\u1eafn, Coral r\u1ea5t \u0111\u00e1ng th\u1eed.","og_url":"https:\/\/kittyblush.click\/?product=coral","og_site_name":"Kitty Blush","article_modified_time":"2026-02-02T11:23:23+00:00","og_image":[{"width":1536,"height":1024,"url":"https:\/\/kittyblush.click\/wp-content\/uploads\/2026\/01\/image-11.png","type":"image\/png"}],"twitter_card":"summary_large_image","twitter_misc":{"\u01af\u1edbc t\u00ednh th\u1eddi gian \u0111\u1ecdc":"2 ph\u00fat"},"schema":{"@context":"https:\/\/schema.org","@graph":[{"@type":"WebPage","@id":"https:\/\/kittyblush.click\/?product=coral","url":"https:\/\/kittyblush.click\/?product=coral","name":"Coral - Kitty Blush","isPartOf":{"@id":"https:\/\/kittyblush.click\/#website"},"primaryImageOfPage":{"@id":"https:\/\/kittyblush.click\/?product=coral#primaryimage"},"image":{"@id":"https:\/\/kittyblush.click\/?product=coral#primaryimage"},"thumbnailUrl":"https:\/\/kittyblush.click\/wp-content\/uploads\/2026\/01\/image-11.png","datePublished":"2026-01-22T04:25:36+00:00","dateModified":"2026-02-02T11:23:23+00:00","description":"M\u00e1 h\u1ed3ng Coral ph\u00f9 h\u1ee3p ng\u01b0\u1eddi m\u1edbi makeup.\u0110\u00e2y l\u00e0 m\u00e0u m\u00e1 h\u1ed3ng an to\u00e0n v\u00e0 d\u1ec5 d\u00f9ng.N\u1ebfu b\u1ea1n c\u1ea7n m\u1ed9t m\u00e0u m\u00e1 h\u1ed3ng t\u01b0\u01a1i t\u1eafn, Coral r\u1ea5t \u0111\u00e1ng th\u1eed.","breadcrumb":{"@id":"https:\/\/kittyblush.click\/?product=coral#breadcrumb"},"inLanguage":"vi","potentialAction":[{"@type":"ReadAction","target":["https:\/\/kittyblush.click\/?product=coral"]}]},{"@type":"ImageObject","inLanguage":"vi","@id":"https:\/\/kittyblush.click\/?product=coral#primaryimage","url":"https:\/\/kittyblush.click\/wp-content\/uploads\/2026\/01\/image-11.png","contentUrl":"https:\/\/kittyblush.click\/wp-content\/uploads\/2026\/01\/image-11.png","width":1536,"height":1024},{"@type":"BreadcrumbList","@id":"https:\/\/kittyblush.click\/?product=coral#breadcrumb","itemListElement":[{"@type":"ListItem","position":1,"name":"Home","item":"https:\/\/kittyblush.click\/"},{"@type":"ListItem","position":2,"name":"Shop","item":"https:\/\/kittyblush.click\/?page_id=5"},{"@type":"ListItem","position":3,"name":"Coral"}]},{"@type":"WebSite","@id":"https:\/\/kittyblush.click\/#website","url":"https:\/\/kittyblush.click\/","name":"Kitty Blush","description":"","potentialAction":[{"@type":"SearchAction","target":{"@type":"EntryPoint","urlTemplate":"https:\/\/kittyblush.click\/?s={search_term_string}"},"query-input":{"@type":"PropertyValueSpecification","valueRequired":true,"valueName":"search_term_string"}}],"inLanguage":"vi"}]}},"_links":{"self":[{"href":"https:\/\/kittyblush.click\/index.php?rest_route=\/wp\/v2\/product\/135","targetHints":{"allow":["GET"]}}],"collection":[{"href":"https:\/\/kittyblush.click\/index.php?rest_route=\/wp\/v2\/product"}],"about":[{"href":"https:\/\/kittyblush.click\/index.php?rest_route=\/wp\/v2\/types\/product"}],"replies":[{"embeddable":true,"href":"https:\/\/kittyblush.click\/index.php?rest_route=%2Fwp%2Fv2%2Fcomments&post=135"}],"wp:featuredmedia":[{"embeddable":true,"href":"https:\/\/kittyblush.click\/index.php?rest_route=\/wp\/v2\/media\/122"}],"wp:attachment":[{"href":"https:\/\/kittyblush.click\/index.php?rest_route=%2Fwp%2Fv2%2Fmedia&parent=135"}],"wp:term":[{"taxonomy":"product_brand","embeddable":true,"href":"https:\/\/kittyblush.click\/index.php?rest_route=%2Fwp%2Fv2%2Fproduct_brand&post=135"},{"taxonomy":"product_cat","embeddable":true,"href":"https:\/\/kittyblush.click\/index.php?rest_route=%2Fwp%2Fv2%2Fproduct_cat&post=135"},{"taxonomy":"product_tag","embeddable":true,"href":"https:\/\/kittyblush.click\/index.php?rest_route=%2Fwp%2Fv2%2Fproduct_tag&post=135"}],"curies":[{"name":"wp","href":"https:\/\/api.w.org\/{rel}","templated":true}]}}