{"id":133,"date":"2026-01-22T04:12:56","date_gmt":"2026-01-22T04:12:56","guid":{"rendered":"https:\/\/kittyblush.click\/?post_type=product&#038;p=133"},"modified":"2026-02-02T11:21:36","modified_gmt":"2026-02-02T11:21:36","slug":"pinky","status":"publish","type":"product","link":"https:\/\/kittyblush.click\/?product=pinky","title":{"rendered":"Pinky"},"content":{"rendered":"<p data-start=\"1375\" data-end=\"1599\"><span dir=\"auto\" style=\"vertical-align: inherit;\"><span dir=\"auto\" style=\"vertical-align: inherit;\">M\u00e1 h\u1ed3ng Pinky l\u00e0 m\u00e0u m\u00e1 h\u1ed3ng h\u1ed3ng t\u1ef1 nhi\u00ean, mang v\u1ebb \u0111\u1eb9p nh\u1eb9 nh\u00e0ng nh\u1eb9 nh\u00e0ng. <\/span><\/span><br data-start=\"1441\" data-end=\"1444\" \/><span dir=\"auto\" style=\"vertical-align: inherit;\"><span dir=\"auto\" style=\"vertical-align: inherit;\">S\u1eafc h\u1ed3ng gi\u00fap g\u01b0\u01a1ng m\u1eb7t trong tr\u1ebbo v\u00e0 n\u1eef t\u00ednh h\u01a1n. <\/span><\/span><br data-start=\"1500\" data-end=\"1503\" \/><span dir=\"auto\" style=\"vertical-align: inherit;\"><span dir=\"auto\" style=\"vertical-align: inherit;\">M\u00e0u h\u1ed3ng ph\u00f9 h\u1ee3p nh\u1ea5t v\u1edbi t\u00f4ng m\u00e0u l\u1ea1nh. <\/span><\/span><br data-start=\"1551\" data-end=\"1554\" \/><span dir=\"auto\" style=\"vertical-align: inherit;\"><span dir=\"auto\" style=\"vertical-align: inherit;\">Da s\u00e1ng ho\u1eb7c da trung b\u00ecnh \u0111\u1ec1u l\u00ean m\u00e0u \u0111\u1eb9p.<\/span><\/span><\/p>\n<p data-start=\"1601\" data-end=\"1779\"><span dir=\"auto\" style=\"vertical-align: inherit;\"><span dir=\"auto\" style=\"vertical-align: inherit;\">Ch\u1ea5t m\u00e1 h\u1ed3ng th\u00f4, d\u1ec5 ph\u00e2n t\u00e1n v\u00e0 b\u00e1m \u0111\u1ec1u tr\u00ean da. <\/span><\/span><br data-start=\"1645\" data-end=\"1648\" \/><span dir=\"auto\" style=\"vertical-align: inherit;\"><span dir=\"auto\" style=\"vertical-align: inherit;\">M\u00e0u s\u1eafc kh\u00f4ng b\u1ecb b\u1ecf \u0111i hay cho m\u01b0\u1ee3n khi s\u1eed d\u1ee5ng. <\/span><\/span><br data-start=\"1687\" data-end=\"1690\" \/><span dir=\"auto\" style=\"vertical-align: inherit;\"><span dir=\"auto\" style=\"vertical-align: inherit;\">cho hi\u1ec7u \u1ee9ng h\u1ed3ng t\u1ef1 nhi\u00ean nh\u01b0 da th\u1eadt. <\/span><\/span><br data-start=\"1739\" data-end=\"1742\" \/><span dir=\"auto\" style=\"vertical-align: inherit;\"><span dir=\"auto\" style=\"vertical-align: inherit;\">S\u1ea3n ph\u1ea9m d\u1ec5 \u0111i\u1ec1u ch\u1ec9nh \u0111\u1ed9 \u0111\u1eadm nh\u1ea1t.<\/span><\/span><\/p>\n<p data-start=\"1781\" data-end=\"1967\"><span dir=\"auto\" style=\"vertical-align: inherit;\"><span dir=\"auto\" style=\"vertical-align: inherit;\">M\u00e1 h\u1ed3ng Pinky ph\u00f9 h\u1ee3p phong c\u00e1ch trang \u0111i\u1ec3m nh\u1eb9 nh\u00e0ng. <\/span><\/span><br data-start=\"1831\" data-end=\"1834\" \/><span dir=\"auto\" style=\"vertical-align: inherit;\"><span dir=\"auto\" style=\"vertical-align: inherit;\">M\u00e0u s\u1eafc r\u1ea5t th\u00edch h\u1ee3p cho trang \u0111i\u1ec3m ng\u00e0y c\u1ed1 \u0111\u1ecbnh. <\/span><\/span><br data-start=\"1881\" data-end=\"1884\" \/><span dir=\"auto\" style=\"vertical-align: inherit;\"><span dir=\"auto\" style=\"vertical-align: inherit;\">S\u1ea3n ph\u1ea9m kh\u00f4ng gi\u1ea3i th\u00edch l\u1ed7i ch\u00e2n t\u00f3c. <\/span><\/span><br data-start=\"1919\" data-end=\"1922\" \/><span dir=\"auto\" style=\"vertical-align: inherit;\"><span dir=\"auto\" style=\"vertical-align: inherit;\">M\u00e0u h\u1ed3ng \u0111\u01b0\u1ee3c gi\u1eef l\u1ea1i cho m\u1eb7t k\u00ednh c\u01b0\u1eddng l\u1ef1c.<\/span><\/span><\/p>\n<p data-start=\"1969\" data-end=\"2143\"><span dir=\"auto\" style=\"vertical-align: inherit;\"><span dir=\"auto\" style=\"vertical-align: inherit;\">M\u00e1 h\u1ed3ng Pinky c\u00f3 \u0111\u1ed9 b\u00e1m m\u00e0u \u1ed5n \u0111\u1ecbnh. <\/span><\/span><br data-start=\"2005\" data-end=\"2008\" \/><span dir=\"auto\" style=\"vertical-align: inherit;\"><span dir=\"auto\" style=\"vertical-align: inherit;\">M\u00e0u gi\u1eef l\u00e2u trong ng\u00e0y h\u1ecdc t\u1eadp v\u00e0 l\u00e0m vi\u1ec7c. <\/span><\/span><br data-start=\"2051\" data-end=\"2054\" \/><span dir=\"auto\" style=\"vertical-align: inherit;\"><span dir=\"auto\" style=\"vertical-align: inherit;\">Pinky ph\u00f9 h\u1ee3p v\u1edbi h\u1ecdc sinh v\u00e0 sinh vi\u00ean. <\/span><\/span><br data-start=\"2094\" data-end=\"2097\" \/><span dir=\"auto\" style=\"vertical-align: inherit;\"><span dir=\"auto\" style=\"vertical-align: inherit;\">Gam h\u1ed3ng t\u1ef1 nhi\u00ean kh\u00f4ng k\u00e9n ki\u1ec3u trang \u0111i\u1ec3m.<\/span><\/span><\/p>\n<h3 data-start=\"169\" data-end=\"214\">S\u1eafc h\u1ed3ng t\u1ef1 nhi\u00ean cho l\u00e0n da trong tr\u1ebbo<\/h3>\n<p data-start=\"215\" data-end=\"437\">M\u00e1 h\u1ed3ng Pinky l\u00e0 m\u00e0u m\u00e1 h\u1ed3ng h\u1ed3ng t\u1ef1 nhi\u00ean, mang v\u1ebb \u0111\u1eb9p nh\u1eb9 nh\u00e0ng.<br data-start=\"281\" data-end=\"284\" \/>S\u1eafc h\u1ed3ng gi\u00fap g\u01b0\u01a1ng m\u1eb7t tr\u00f4ng t\u01b0\u01a1i t\u1eafn v\u00e0 n\u1eef t\u00ednh h\u01a1n.<br data-start=\"338\" data-end=\"341\" \/>M\u00e0u m\u00e1 h\u1ed3ng Pinky ph\u00f9 h\u1ee3p nh\u1ea5t v\u1edbi tone da l\u1ea1nh.<br data-start=\"389\" data-end=\"392\" \/>Da s\u00e1ng ho\u1eb7c da trung b\u00ecnh \u0111\u1ec1u s\u1eed d\u1ee5ng \u0111\u1eb9p.<\/p>\n<h3 data-start=\"439\" data-end=\"483\">Ch\u1ea5t m\u00e1 h\u1ed3ng m\u1ecbn, d\u1ec5 t\u00e1n, d\u1ec5 ki\u1ec3m so\u00e1t<\/h3>\n<p data-start=\"484\" data-end=\"677\">Ch\u1ea5t m\u00e1 h\u1ed3ng m\u1ecbn, d\u1ec5 t\u00e1n v\u00e0 b\u00e1m \u0111\u1ec1u tr\u00ean da.<br data-start=\"528\" data-end=\"531\" \/>M\u00e0u kh\u00f4ng b\u1ecb b\u1ebft hay loang khi s\u1eed d\u1ee5ng.<br data-start=\"570\" data-end=\"573\" \/>Pinky cho hi\u1ec7u \u1ee9ng \u1eedng h\u1ed3ng t\u1ef1 nhi\u00ean nh\u01b0 da th\u1eadt.<br data-start=\"622\" data-end=\"625\" \/>S\u1ea3n ph\u1ea9m d\u1ec5 \u0111i\u1ec1u ch\u1ec9nh \u0111\u1ed9 \u0111\u1eadm nh\u1ea1t khi trang \u0111i\u1ec3m.<\/p>\n<h3 data-start=\"679\" data-end=\"713\">Ph\u00f9 h\u1ee3p trang \u0111i\u1ec3m h\u1eb1ng ng\u00e0y<\/h3>\n<p data-start=\"714\" data-end=\"896\">M\u00e1 h\u1ed3ng Pinky ph\u00f9 h\u1ee3p phong c\u00e1ch makeup nh\u1eb9 nh\u00e0ng.<br data-start=\"764\" data-end=\"767\" \/>M\u00e0u s\u1eafc th\u00edch h\u1ee3p cho trang \u0111i\u1ec3m h\u1eb1ng ng\u00e0y.<br data-start=\"810\" data-end=\"813\" \/>S\u1ea3n ph\u1ea9m kh\u00f4ng l\u00e0m l\u1ed9 l\u1ed7 ch\u00e2n l\u00f4ng.<br data-start=\"848\" data-end=\"851\" \/>M\u00e0u h\u1ed3ng gi\u1eef \u0111\u01b0\u1ee3c s\u1ef1 m\u1ec1m m\u1ea1i cho g\u01b0\u01a1ng m\u1eb7t.<\/p>\n<h3 data-start=\"898\" data-end=\"940\">\u0110\u1ed9 b\u00e1m m\u00e0u \u1ed5n \u0111\u1ecbnh, kh\u00f4ng xu\u1ed1ng tone<\/h3>\n<p data-start=\"941\" data-end=\"1115\">M\u00e1 h\u1ed3ng c\u00f3 \u0111\u1ed9 b\u00e1m m\u00e0u \u1ed5n \u0111\u1ecbnh.<br data-start=\"977\" data-end=\"980\" \/>M\u00e0u gi\u1eef l\u00e2u trong ng\u00e0y h\u1ecdc t\u1eadp v\u00e0 l\u00e0m vi\u1ec7c.\u00a0ph\u00f9 h\u1ee3p v\u1edbi h\u1ecdc sinh v\u00e0 sinh vi\u00ean.<br data-start=\"1066\" data-end=\"1069\" \/>Gam h\u1ed3ng t\u1ef1 nhi\u00ean kh\u00f4ng k\u00e9n ki\u1ec3u trang \u0111i\u1ec3m.<\/p>\n<h3 data-start=\"1117\" data-end=\"1160\">L\u1ef1a ch\u1ecdn an to\u00e0n cho ng\u01b0\u1eddi m\u1edbi makeup<\/h3>\n<p data-start=\"1161\" data-end=\"1366\">M\u00e1 h\u1ed3ng d\u1ec5 s\u1eed d\u1ee5ng v\u00e0 kh\u00f4ng k\u00e9n da.<br data-start=\"1202\" data-end=\"1205\" \/>S\u1ea3n ph\u1ea9m ph\u00f9 h\u1ee3p nhi\u1ec1u phong c\u00e1ch trang \u0111i\u1ec3m kh\u00e1c nhau.<br data-start=\"1260\" data-end=\"1263\" \/>M\u00e0u h\u1ed3ng t\u1ef1 nhi\u00ean lu\u00f4n mang l\u1ea1i c\u1ea3m gi\u00e1c d\u1ec5 ch\u1ecbu.<br data-start=\"1312\" data-end=\"1315\" \/>Pinky l\u00e0 l\u1ef1a ch\u1ecdn l\u00fd t\u01b0\u1edfng cho makeup trong tr\u1ebbo.<\/p>\n","protected":false},"excerpt":{"rendered":"<p>M\u00e1 h\u1ed3ng Pinky l\u00e0 m\u00e0u m\u00e1 h\u1ed3ng h\u1ed3ng t\u1ef1 nhi\u00ean, mang v\u1ebb \u0111\u1eb9p nh\u1eb9 nh\u00e0ng nh\u1eb9 nh\u00e0ng. S\u1eafc h\u1ed3ng gi\u00fap g\u01b0\u01a1ng m\u1eb7t trong tr\u1ebbo v\u00e0 n\u1eef t\u00ednh h\u01a1n. M\u00e0u h\u1ed3ng ph\u00f9 h\u1ee3p nh\u1ea5t v\u1edbi t\u00f4ng m\u00e0u l\u1ea1nh. Da s\u00e1ng ho\u1eb7c da trung b\u00ecnh \u0111\u1ec1u l\u00ean m\u00e0u \u0111\u1eb9p. Ch\u1ea5t m\u00e1 h\u1ed3ng th\u00f4, d\u1ec5 ph\u00e2n t\u00e1n v\u00e0 [&hellip;]<\/p>\n","protected":false},"featured_media":131,"comment_status":"open","ping_status":"closed","template":"","meta":[],"product_brand":[],"product_cat":[23],"product_tag":[20],"class_list":{"0":"post-133","1":"product","2":"type-product","3":"status-publish","4":"has-post-thumbnail","6":"product_cat-ma-hong","7":"product_tag-ma-hong","9":"first","10":"instock","11":"sale","12":"shipping-taxable","13":"purchasable","14":"product-type-simple"},"yoast_head":"<!-- This site is optimized with the Yoast SEO plugin v26.7 - https:\/\/yoast.com\/wordpress\/plugins\/seo\/ -->\n<title>Pinky - Kitty Blush<\/title>\n<meta name=\"description\" content=\"M\u00e0u gi\u1eef l\u00e2u trong ng\u00e0y h\u1ecdc t\u1eadp v\u00e0 l\u00e0m vi\u1ec7c.Pinky ph\u00f9 h\u1ee3p v\u1edbi h\u1ecdc sinh v\u00e0 sinh vi\u00ean.Gam h\u1ed3ng t\u1ef1 nhi\u00ean kh\u00f4ng k\u00e9n ki\u1ec3u trang \u0111i\u1ec3m.\" \/>\n<meta name=\"robots\" content=\"index, follow, max-snippet:-1, max-image-preview:large, max-video-preview:-1\" \/>\n<link rel=\"canonical\" href=\"https:\/\/kittyblush.click\/?product=pinky\" \/>\n<meta property=\"og:locale\" content=\"vi_VN\" \/>\n<meta property=\"og:type\" content=\"article\" \/>\n<meta property=\"og:title\" content=\"Pinky - Kitty Blush\" \/>\n<meta property=\"og:description\" content=\"M\u00e0u gi\u1eef l\u00e2u trong ng\u00e0y h\u1ecdc t\u1eadp v\u00e0 l\u00e0m vi\u1ec7c.Pinky ph\u00f9 h\u1ee3p v\u1edbi h\u1ecdc sinh v\u00e0 sinh vi\u00ean.Gam h\u1ed3ng t\u1ef1 nhi\u00ean kh\u00f4ng k\u00e9n ki\u1ec3u trang \u0111i\u1ec3m.\" \/>\n<meta property=\"og:url\" content=\"https:\/\/kittyblush.click\/?product=pinky\" \/>\n<meta property=\"og:site_name\" content=\"Kitty Blush\" \/>\n<meta property=\"article:modified_time\" content=\"2026-02-02T11:21:36+00:00\" \/>\n<meta property=\"og:image\" content=\"https:\/\/kittyblush.click\/wp-content\/uploads\/2026\/01\/image-13.png\" \/>\n\t<meta property=\"og:image:width\" content=\"1536\" \/>\n\t<meta property=\"og:image:height\" content=\"1024\" \/>\n\t<meta property=\"og:image:type\" content=\"image\/png\" \/>\n<meta name=\"twitter:card\" content=\"summary_large_image\" \/>\n<meta name=\"twitter:label1\" content=\"\u01af\u1edbc t\u00ednh th\u1eddi gian \u0111\u1ecdc\" \/>\n\t<meta name=\"twitter:data1\" content=\"2 ph\u00fat\" \/>\n<script type=\"application\/ld+json\" class=\"yoast-schema-graph\">{\"@context\":\"https:\/\/schema.org\",\"@graph\":[{\"@type\":\"WebPage\",\"@id\":\"https:\/\/kittyblush.click\/?product=pinky\",\"url\":\"https:\/\/kittyblush.click\/?product=pinky\",\"name\":\"Pinky - Kitty Blush\",\"isPartOf\":{\"@id\":\"https:\/\/kittyblush.click\/#website\"},\"primaryImageOfPage\":{\"@id\":\"https:\/\/kittyblush.click\/?product=pinky#primaryimage\"},\"image\":{\"@id\":\"https:\/\/kittyblush.click\/?product=pinky#primaryimage\"},\"thumbnailUrl\":\"https:\/\/kittyblush.click\/wp-content\/uploads\/2026\/01\/image-13.png\",\"datePublished\":\"2026-01-22T04:12:56+00:00\",\"dateModified\":\"2026-02-02T11:21:36+00:00\",\"description\":\"M\u00e0u gi\u1eef l\u00e2u trong ng\u00e0y h\u1ecdc t\u1eadp v\u00e0 l\u00e0m vi\u1ec7c.Pinky ph\u00f9 h\u1ee3p v\u1edbi h\u1ecdc sinh v\u00e0 sinh vi\u00ean.Gam h\u1ed3ng t\u1ef1 nhi\u00ean kh\u00f4ng k\u00e9n ki\u1ec3u trang \u0111i\u1ec3m.\",\"breadcrumb\":{\"@id\":\"https:\/\/kittyblush.click\/?product=pinky#breadcrumb\"},\"inLanguage\":\"vi\",\"potentialAction\":[{\"@type\":\"ReadAction\",\"target\":[\"https:\/\/kittyblush.click\/?product=pinky\"]}]},{\"@type\":\"ImageObject\",\"inLanguage\":\"vi\",\"@id\":\"https:\/\/kittyblush.click\/?product=pinky#primaryimage\",\"url\":\"https:\/\/kittyblush.click\/wp-content\/uploads\/2026\/01\/image-13.png\",\"contentUrl\":\"https:\/\/kittyblush.click\/wp-content\/uploads\/2026\/01\/image-13.png\",\"width\":1536,\"height\":1024},{\"@type\":\"BreadcrumbList\",\"@id\":\"https:\/\/kittyblush.click\/?product=pinky#breadcrumb\",\"itemListElement\":[{\"@type\":\"ListItem\",\"position\":1,\"name\":\"Home\",\"item\":\"https:\/\/kittyblush.click\/\"},{\"@type\":\"ListItem\",\"position\":2,\"name\":\"Shop\",\"item\":\"https:\/\/kittyblush.click\/?page_id=5\"},{\"@type\":\"ListItem\",\"position\":3,\"name\":\"Pinky\"}]},{\"@type\":\"WebSite\",\"@id\":\"https:\/\/kittyblush.click\/#website\",\"url\":\"https:\/\/kittyblush.click\/\",\"name\":\"Kitty Blush\",\"description\":\"\",\"potentialAction\":[{\"@type\":\"SearchAction\",\"target\":{\"@type\":\"EntryPoint\",\"urlTemplate\":\"https:\/\/kittyblush.click\/?s={search_term_string}\"},\"query-input\":{\"@type\":\"PropertyValueSpecification\",\"valueRequired\":true,\"valueName\":\"search_term_string\"}}],\"inLanguage\":\"vi\"}]}<\/script>\n<!-- \/ Yoast SEO plugin. -->","yoast_head_json":{"title":"Pinky - Kitty Blush","description":"M\u00e0u gi\u1eef l\u00e2u trong ng\u00e0y h\u1ecdc t\u1eadp v\u00e0 l\u00e0m vi\u1ec7c.Pinky ph\u00f9 h\u1ee3p v\u1edbi h\u1ecdc sinh v\u00e0 sinh vi\u00ean.Gam h\u1ed3ng t\u1ef1 nhi\u00ean kh\u00f4ng k\u00e9n ki\u1ec3u trang \u0111i\u1ec3m.","robots":{"index":"index","follow":"follow","max-snippet":"max-snippet:-1","max-image-preview":"max-image-preview:large","max-video-preview":"max-video-preview:-1"},"canonical":"https:\/\/kittyblush.click\/?product=pinky","og_locale":"vi_VN","og_type":"article","og_title":"Pinky - Kitty Blush","og_description":"M\u00e0u gi\u1eef l\u00e2u trong ng\u00e0y h\u1ecdc t\u1eadp v\u00e0 l\u00e0m vi\u1ec7c.Pinky ph\u00f9 h\u1ee3p v\u1edbi h\u1ecdc sinh v\u00e0 sinh vi\u00ean.Gam h\u1ed3ng t\u1ef1 nhi\u00ean kh\u00f4ng k\u00e9n ki\u1ec3u trang \u0111i\u1ec3m.","og_url":"https:\/\/kittyblush.click\/?product=pinky","og_site_name":"Kitty Blush","article_modified_time":"2026-02-02T11:21:36+00:00","og_image":[{"width":1536,"height":1024,"url":"https:\/\/kittyblush.click\/wp-content\/uploads\/2026\/01\/image-13.png","type":"image\/png"}],"twitter_card":"summary_large_image","twitter_misc":{"\u01af\u1edbc t\u00ednh th\u1eddi gian \u0111\u1ecdc":"2 ph\u00fat"},"schema":{"@context":"https:\/\/schema.org","@graph":[{"@type":"WebPage","@id":"https:\/\/kittyblush.click\/?product=pinky","url":"https:\/\/kittyblush.click\/?product=pinky","name":"Pinky - Kitty Blush","isPartOf":{"@id":"https:\/\/kittyblush.click\/#website"},"primaryImageOfPage":{"@id":"https:\/\/kittyblush.click\/?product=pinky#primaryimage"},"image":{"@id":"https:\/\/kittyblush.click\/?product=pinky#primaryimage"},"thumbnailUrl":"https:\/\/kittyblush.click\/wp-content\/uploads\/2026\/01\/image-13.png","datePublished":"2026-01-22T04:12:56+00:00","dateModified":"2026-02-02T11:21:36+00:00","description":"M\u00e0u gi\u1eef l\u00e2u trong ng\u00e0y h\u1ecdc t\u1eadp v\u00e0 l\u00e0m vi\u1ec7c.Pinky ph\u00f9 h\u1ee3p v\u1edbi h\u1ecdc sinh v\u00e0 sinh vi\u00ean.Gam h\u1ed3ng t\u1ef1 nhi\u00ean kh\u00f4ng k\u00e9n ki\u1ec3u trang \u0111i\u1ec3m.","breadcrumb":{"@id":"https:\/\/kittyblush.click\/?product=pinky#breadcrumb"},"inLanguage":"vi","potentialAction":[{"@type":"ReadAction","target":["https:\/\/kittyblush.click\/?product=pinky"]}]},{"@type":"ImageObject","inLanguage":"vi","@id":"https:\/\/kittyblush.click\/?product=pinky#primaryimage","url":"https:\/\/kittyblush.click\/wp-content\/uploads\/2026\/01\/image-13.png","contentUrl":"https:\/\/kittyblush.click\/wp-content\/uploads\/2026\/01\/image-13.png","width":1536,"height":1024},{"@type":"BreadcrumbList","@id":"https:\/\/kittyblush.click\/?product=pinky#breadcrumb","itemListElement":[{"@type":"ListItem","position":1,"name":"Home","item":"https:\/\/kittyblush.click\/"},{"@type":"ListItem","position":2,"name":"Shop","item":"https:\/\/kittyblush.click\/?page_id=5"},{"@type":"ListItem","position":3,"name":"Pinky"}]},{"@type":"WebSite","@id":"https:\/\/kittyblush.click\/#website","url":"https:\/\/kittyblush.click\/","name":"Kitty Blush","description":"","potentialAction":[{"@type":"SearchAction","target":{"@type":"EntryPoint","urlTemplate":"https:\/\/kittyblush.click\/?s={search_term_string}"},"query-input":{"@type":"PropertyValueSpecification","valueRequired":true,"valueName":"search_term_string"}}],"inLanguage":"vi"}]}},"_links":{"self":[{"href":"https:\/\/kittyblush.click\/index.php?rest_route=\/wp\/v2\/product\/133","targetHints":{"allow":["GET"]}}],"collection":[{"href":"https:\/\/kittyblush.click\/index.php?rest_route=\/wp\/v2\/product"}],"about":[{"href":"https:\/\/kittyblush.click\/index.php?rest_route=\/wp\/v2\/types\/product"}],"replies":[{"embeddable":true,"href":"https:\/\/kittyblush.click\/index.php?rest_route=%2Fwp%2Fv2%2Fcomments&post=133"}],"wp:featuredmedia":[{"embeddable":true,"href":"https:\/\/kittyblush.click\/index.php?rest_route=\/wp\/v2\/media\/131"}],"wp:attachment":[{"href":"https:\/\/kittyblush.click\/index.php?rest_route=%2Fwp%2Fv2%2Fmedia&parent=133"}],"wp:term":[{"taxonomy":"product_brand","embeddable":true,"href":"https:\/\/kittyblush.click\/index.php?rest_route=%2Fwp%2Fv2%2Fproduct_brand&post=133"},{"taxonomy":"product_cat","embeddable":true,"href":"https:\/\/kittyblush.click\/index.php?rest_route=%2Fwp%2Fv2%2Fproduct_cat&post=133"},{"taxonomy":"product_tag","embeddable":true,"href":"https:\/\/kittyblush.click\/index.php?rest_route=%2Fwp%2Fv2%2Fproduct_tag&post=133"}],"curies":[{"name":"wp","href":"https:\/\/api.w.org\/{rel}","templated":true}]}}