{"id":116,"date":"2026-01-22T03:31:32","date_gmt":"2026-01-22T03:31:32","guid":{"rendered":"https:\/\/kittyblush.click\/?post_type=product&#038;p=116"},"modified":"2026-02-02T11:23:58","modified_gmt":"2026-02-02T11:23:58","slug":"rose","status":"publish","type":"product","link":"https:\/\/kittyblush.click\/?product=rose","title":{"rendered":"Rose"},"content":{"rendered":"<p data-start=\"2452\" data-end=\"2785\">M\u00e1 h\u1ed3ng <strong data-start=\"2460\" data-end=\"2468\">Rose<\/strong> l\u00e0 s\u1eafc <strong data-start=\"2476\" data-end=\"2487\">\u0111\u1ecf h\u1ed3ng<\/strong> hi\u1ec7n \u0111\u1ea1i, gi\u00fap g\u01b0\u01a1ng m\u1eb7t tr\u1edf n\u00ean n\u1ed5i b\u1eadt v\u00e0 cu\u1ed1n h\u00fat h\u01a1n ngay t\u1eeb l\u1ea7n s\u1eed d\u1ee5ng \u0111\u1ea7u ti\u00ean. M\u00e0u \u0111\u1ecf h\u1ed3ng kh\u00f4ng qu\u00e1 tr\u1ea7m c\u0169ng kh\u00f4ng qu\u00e1 ch\u00f3i, ph\u00f9 h\u1ee3p v\u1edbi <strong data-start=\"2635\" data-end=\"2652\">nhi\u1ec1u tone da<\/strong>, t\u1eeb da s\u00e1ng \u0111\u1ebfn da trung b\u00ecnh.<\/p>\n<p data-start=\"3022\" data-end=\"3298\">M\u00e1 h\u1ed3ng Rose c\u00f2n c\u00f3 kh\u1ea3 n\u0103ng gi\u1eef m\u00e0u t\u1ed1t, h\u1ea1n ch\u1ebf tr\u00f4i trong qu\u00e1 tr\u00ecnh sinh ho\u1ea1t.<\/p>\n<p data-start=\"2273\" data-end=\"2461\"><span dir=\"auto\" style=\"vertical-align: inherit;\"><span dir=\"auto\" style=\"vertical-align: inherit;\">M\u00e1 h\u1ed3ng Rose l\u00e0 m\u00e0u m\u00e1 h\u1ed3ng h\u1ed3ng th\u1eddi th\u01b0\u1ee3ng. <\/span><\/span><br data-start=\"2321\" data-end=\"2324\" \/><span dir=\"auto\" style=\"vertical-align: inherit;\"><span dir=\"auto\" style=\"vertical-align: inherit;\">S\u1eafc \u0111\u1ecf h\u1ed3ng gi\u00fap g\u01b0\u01a1ng m\u1eb7t n\u1ed5i b\u1eadt h\u01a1n. <\/span><\/span><br data-start=\"2369\" data-end=\"2372\" \/><span dir=\"auto\" style=\"vertical-align: inherit;\"><span dir=\"auto\" style=\"vertical-align: inherit;\">M\u00e0u m\u00e1 h\u1ed3ng Rose ph\u00f9 h\u1ee3p v\u1edbi nhi\u1ec1u t\u00f4ng da. <\/span><\/span><br data-start=\"2415\" data-end=\"2418\" \/><span dir=\"auto\" style=\"vertical-align: inherit;\"><span dir=\"auto\" style=\"vertical-align: inherit;\">Da s\u00e1ng v\u00e0 da trung b\u00ecnh \u0111\u1ec1u d\u00f9ng \u0111\u1eb9p.<\/span><\/span><\/p>\n<p data-start=\"2463\" data-end=\"2629\"><span dir=\"auto\" style=\"vertical-align: inherit;\"><span dir=\"auto\" style=\"vertical-align: inherit;\">Ch\u1ea5t m\u00e1 h\u1ed3ng, d\u1ec5 bong v\u00e0 d\u1ec5 ki\u1ec3m so\u00e1t. <\/span><\/span><br data-start=\"2504\" data-end=\"2507\" \/><span dir=\"auto\" style=\"vertical-align: inherit;\"><span dir=\"auto\" style=\"vertical-align: inherit;\">M\u00e0u l\u00ean \u0111\u1ec1u ngay t\u1eeb l\u1edbp \u0111\u1ea7u ti\u00ean. <\/span><\/span><br data-start=\"2540\" data-end=\"2543\" \/><span dir=\"auto\" style=\"vertical-align: inherit;\"><span dir=\"auto\" style=\"vertical-align: inherit;\">Khi th\u01b0 gi\u00e3n, m\u00e0u t\u1ea1o c\u1ea3m gi\u00e1c t\u1ef1 nhi\u00ean. <\/span><\/span><br data-start=\"2582\" data-end=\"2585\" \/><span dir=\"auto\" style=\"vertical-align: inherit;\"><span dir=\"auto\" style=\"vertical-align: inherit;\">Khi \u0111\u00e1nh \u0111\u1eadm, b\u1ec1 ngo\u00e0i s\u1eafc n\u00e9t h\u01a1n.<\/span><\/span><\/p>\n<p data-start=\"2631\" data-end=\"2803\"><span dir=\"auto\" style=\"vertical-align: inherit;\"><span dir=\"auto\" style=\"vertical-align: inherit;\">M\u00e1 h\u1ed3ng ph\u00f9 h\u1ee3p c\u1ea3 ng\u00e0y trang \u0111i\u1ec3m. <\/span><\/span><br data-start=\"2672\" data-end=\"2675\" \/><span dir=\"auto\" style=\"vertical-align: inherit;\"><span dir=\"auto\" style=\"vertical-align: inherit;\">M\u00e0u s\u1eafc c\u0169ng th\u00edch h\u1ee3p cho trang \u0111i\u1ec3m d\u1ef1 ti\u1ec7c. <\/span><\/span><br data-start=\"2717\" data-end=\"2720\" \/><span dir=\"auto\" style=\"vertical-align: inherit;\"><span dir=\"auto\" style=\"vertical-align: inherit;\">S\u1ea3n ph\u1ea9m gi\u00fap g\u01b0\u01a1ng m\u1eb7t r\u1ea1ng r\u1ee1. <\/span><\/span><br data-start=\"2758\" data-end=\"2761\" \/><span dir=\"auto\" style=\"vertical-align: inherit;\"><span dir=\"auto\" style=\"vertical-align: inherit;\">M\u00e0u \u0111\u1ecf h\u1ed3ng t\u1ea1o chi\u1ec1u s\u00e2u cho m\u1eb7t.<\/span><\/span><\/p>\n<p data-start=\"2805\" data-end=\"2989\"><span dir=\"auto\" style=\"vertical-align: inherit;\"><span dir=\"auto\" style=\"vertical-align: inherit;\">M\u00e1 h\u1ed3ng Rose gi\u1eef m\u00e0u \u1ed5n \u0111\u1ecbnh trong nhi\u1ec1u gi\u1edd. <\/span><\/span><br data-start=\"2850\" data-end=\"2853\" \/><span dir=\"auto\" style=\"vertical-align: inherit;\"><span dir=\"auto\" style=\"vertical-align: inherit;\">M\u00e0u s\u1eafc kh\u00f4ng \u0111\u01b0\u1ee3c h\u1ed7 tr\u1ee3 khi s\u1eed d\u1ee5ng l\u00e2u d\u00e0i. <\/span><\/span><br data-start=\"2889\" data-end=\"2892\" \/><span dir=\"auto\" style=\"vertical-align: inherit;\"><span dir=\"auto\" style=\"vertical-align: inherit;\">S\u1ea3n ph\u1ea9m ph\u00f9 h\u1ee3p v\u1edbi nhi\u1ec1u phong c\u00e1ch trang \u0111i\u1ec3m. <\/span><\/span><br data-start=\"2941\" data-end=\"2944\" \/><span dir=\"auto\" style=\"vertical-align: inherit;\"><span dir=\"auto\" style=\"vertical-align: inherit;\">\u0110\u00e2y l\u00e0 m\u00e0u m\u00e1 h\u1ed3ng d\u1ec5 s\u1eed d\u1ee5ng v\u00e0 kh\u00f4ng k\u00e9n da.<\/span><\/span><\/p>\n<p data-start=\"2991\" data-end=\"3054\"><span dir=\"auto\" style=\"vertical-align: inherit;\"><span dir=\"auto\" style=\"vertical-align: inherit;\">Rose l\u00e0 l\u1ef1a ch\u1ecdn ph\u00f9 h\u1ee3p n\u1ebfu b\u1ea1n c\u1ea7n m\u1ed9t m\u00e0u h\u1ed3ng \u0111a n\u0103ng.<\/span><\/span><\/p>\n","protected":false},"excerpt":{"rendered":"<p>M\u00e1 h\u1ed3ng Rose l\u00e0 s\u1eafc \u0111\u1ecf h\u1ed3ng hi\u1ec7n \u0111\u1ea1i, gi\u00fap g\u01b0\u01a1ng m\u1eb7t tr\u1edf n\u00ean n\u1ed5i b\u1eadt v\u00e0 cu\u1ed1n h\u00fat h\u01a1n ngay t\u1eeb l\u1ea7n s\u1eed d\u1ee5ng \u0111\u1ea7u ti\u00ean. M\u00e0u \u0111\u1ecf h\u1ed3ng kh\u00f4ng qu\u00e1 tr\u1ea7m c\u0169ng kh\u00f4ng qu\u00e1 ch\u00f3i, ph\u00f9 h\u1ee3p v\u1edbi nhi\u1ec1u tone da, t\u1eeb da s\u00e1ng \u0111\u1ebfn da trung b\u00ecnh. M\u00e1 h\u1ed3ng Rose c\u00f2n c\u00f3 [&hellip;]<\/p>\n","protected":false},"featured_media":118,"comment_status":"open","ping_status":"closed","template":"","meta":[],"product_brand":[],"product_cat":[23],"product_tag":[20],"class_list":{"0":"post-116","1":"product","2":"type-product","3":"status-publish","4":"has-post-thumbnail","6":"product_cat-ma-hong","7":"product_tag-ma-hong","9":"first","10":"instock","11":"sale","12":"shipping-taxable","13":"purchasable","14":"product-type-simple"},"yoast_head":"<!-- This site is optimized with the Yoast SEO plugin v26.7 - https:\/\/yoast.com\/wordpress\/plugins\/seo\/ -->\n<title>Rose - Kitty Blush<\/title>\n<meta name=\"description\" content=\"S\u1ea3n ph\u1ea9m ph\u00f9 h\u1ee3p v\u1edbi nhi\u1ec1u phong c\u00e1ch trang \u0111i\u1ec3m.\u0110\u00e2y l\u00e0 m\u00e0u m\u00e1 h\u1ed3ng d\u1ec5 s\u1eed d\u1ee5ng v\u00e0 kh\u00f4ng k\u00e9n da.Rose l\u00e0 l\u1ef1a ch\u1ecdn ph\u00f9 h\u1ee3p n\u1ebfu b\u1ea1n c\u1ea7n m\u1ed9t m\u00e0u h\u1ed3ng \u0111a n\u0103ng.\" \/>\n<meta name=\"robots\" content=\"index, follow, max-snippet:-1, max-image-preview:large, max-video-preview:-1\" \/>\n<link rel=\"canonical\" href=\"https:\/\/kittyblush.click\/?product=rose\" \/>\n<meta property=\"og:locale\" content=\"vi_VN\" \/>\n<meta property=\"og:type\" content=\"article\" \/>\n<meta property=\"og:title\" content=\"Rose - Kitty Blush\" \/>\n<meta property=\"og:description\" content=\"S\u1ea3n ph\u1ea9m ph\u00f9 h\u1ee3p v\u1edbi nhi\u1ec1u phong c\u00e1ch trang \u0111i\u1ec3m.\u0110\u00e2y l\u00e0 m\u00e0u m\u00e1 h\u1ed3ng d\u1ec5 s\u1eed d\u1ee5ng v\u00e0 kh\u00f4ng k\u00e9n da.Rose l\u00e0 l\u1ef1a ch\u1ecdn ph\u00f9 h\u1ee3p n\u1ebfu b\u1ea1n c\u1ea7n m\u1ed9t m\u00e0u h\u1ed3ng \u0111a n\u0103ng.\" \/>\n<meta property=\"og:url\" content=\"https:\/\/kittyblush.click\/?product=rose\" \/>\n<meta property=\"og:site_name\" content=\"Kitty Blush\" \/>\n<meta property=\"article:modified_time\" content=\"2026-02-02T11:23:58+00:00\" \/>\n<meta property=\"og:image\" content=\"https:\/\/kittyblush.click\/wp-content\/uploads\/2026\/01\/image-9.png\" \/>\n\t<meta property=\"og:image:width\" content=\"1536\" \/>\n\t<meta property=\"og:image:height\" content=\"1024\" \/>\n\t<meta property=\"og:image:type\" content=\"image\/png\" \/>\n<meta name=\"twitter:card\" content=\"summary_large_image\" \/>\n<meta name=\"twitter:label1\" content=\"\u01af\u1edbc t\u00ednh th\u1eddi gian \u0111\u1ecdc\" \/>\n\t<meta name=\"twitter:data1\" content=\"2 ph\u00fat\" \/>\n<script type=\"application\/ld+json\" class=\"yoast-schema-graph\">{\"@context\":\"https:\/\/schema.org\",\"@graph\":[{\"@type\":\"WebPage\",\"@id\":\"https:\/\/kittyblush.click\/?product=rose\",\"url\":\"https:\/\/kittyblush.click\/?product=rose\",\"name\":\"Rose - Kitty Blush\",\"isPartOf\":{\"@id\":\"https:\/\/kittyblush.click\/#website\"},\"primaryImageOfPage\":{\"@id\":\"https:\/\/kittyblush.click\/?product=rose#primaryimage\"},\"image\":{\"@id\":\"https:\/\/kittyblush.click\/?product=rose#primaryimage\"},\"thumbnailUrl\":\"https:\/\/kittyblush.click\/wp-content\/uploads\/2026\/01\/image-9.png\",\"datePublished\":\"2026-01-22T03:31:32+00:00\",\"dateModified\":\"2026-02-02T11:23:58+00:00\",\"description\":\"S\u1ea3n ph\u1ea9m ph\u00f9 h\u1ee3p v\u1edbi nhi\u1ec1u phong c\u00e1ch trang \u0111i\u1ec3m.\u0110\u00e2y l\u00e0 m\u00e0u m\u00e1 h\u1ed3ng d\u1ec5 s\u1eed d\u1ee5ng v\u00e0 kh\u00f4ng k\u00e9n da.Rose l\u00e0 l\u1ef1a ch\u1ecdn ph\u00f9 h\u1ee3p n\u1ebfu b\u1ea1n c\u1ea7n m\u1ed9t m\u00e0u h\u1ed3ng \u0111a n\u0103ng.\",\"breadcrumb\":{\"@id\":\"https:\/\/kittyblush.click\/?product=rose#breadcrumb\"},\"inLanguage\":\"vi\",\"potentialAction\":[{\"@type\":\"ReadAction\",\"target\":[\"https:\/\/kittyblush.click\/?product=rose\"]}]},{\"@type\":\"ImageObject\",\"inLanguage\":\"vi\",\"@id\":\"https:\/\/kittyblush.click\/?product=rose#primaryimage\",\"url\":\"https:\/\/kittyblush.click\/wp-content\/uploads\/2026\/01\/image-9.png\",\"contentUrl\":\"https:\/\/kittyblush.click\/wp-content\/uploads\/2026\/01\/image-9.png\",\"width\":1536,\"height\":1024},{\"@type\":\"BreadcrumbList\",\"@id\":\"https:\/\/kittyblush.click\/?product=rose#breadcrumb\",\"itemListElement\":[{\"@type\":\"ListItem\",\"position\":1,\"name\":\"Home\",\"item\":\"https:\/\/kittyblush.click\/\"},{\"@type\":\"ListItem\",\"position\":2,\"name\":\"Shop\",\"item\":\"https:\/\/kittyblush.click\/?page_id=5\"},{\"@type\":\"ListItem\",\"position\":3,\"name\":\"Rose\"}]},{\"@type\":\"WebSite\",\"@id\":\"https:\/\/kittyblush.click\/#website\",\"url\":\"https:\/\/kittyblush.click\/\",\"name\":\"Kitty Blush\",\"description\":\"\",\"potentialAction\":[{\"@type\":\"SearchAction\",\"target\":{\"@type\":\"EntryPoint\",\"urlTemplate\":\"https:\/\/kittyblush.click\/?s={search_term_string}\"},\"query-input\":{\"@type\":\"PropertyValueSpecification\",\"valueRequired\":true,\"valueName\":\"search_term_string\"}}],\"inLanguage\":\"vi\"}]}<\/script>\n<!-- \/ Yoast SEO plugin. -->","yoast_head_json":{"title":"Rose - Kitty Blush","description":"S\u1ea3n ph\u1ea9m ph\u00f9 h\u1ee3p v\u1edbi nhi\u1ec1u phong c\u00e1ch trang \u0111i\u1ec3m.\u0110\u00e2y l\u00e0 m\u00e0u m\u00e1 h\u1ed3ng d\u1ec5 s\u1eed d\u1ee5ng v\u00e0 kh\u00f4ng k\u00e9n da.Rose l\u00e0 l\u1ef1a ch\u1ecdn ph\u00f9 h\u1ee3p n\u1ebfu b\u1ea1n c\u1ea7n m\u1ed9t m\u00e0u h\u1ed3ng \u0111a n\u0103ng.","robots":{"index":"index","follow":"follow","max-snippet":"max-snippet:-1","max-image-preview":"max-image-preview:large","max-video-preview":"max-video-preview:-1"},"canonical":"https:\/\/kittyblush.click\/?product=rose","og_locale":"vi_VN","og_type":"article","og_title":"Rose - Kitty Blush","og_description":"S\u1ea3n ph\u1ea9m ph\u00f9 h\u1ee3p v\u1edbi nhi\u1ec1u phong c\u00e1ch trang \u0111i\u1ec3m.\u0110\u00e2y l\u00e0 m\u00e0u m\u00e1 h\u1ed3ng d\u1ec5 s\u1eed d\u1ee5ng v\u00e0 kh\u00f4ng k\u00e9n da.Rose l\u00e0 l\u1ef1a ch\u1ecdn ph\u00f9 h\u1ee3p n\u1ebfu b\u1ea1n c\u1ea7n m\u1ed9t m\u00e0u h\u1ed3ng \u0111a n\u0103ng.","og_url":"https:\/\/kittyblush.click\/?product=rose","og_site_name":"Kitty Blush","article_modified_time":"2026-02-02T11:23:58+00:00","og_image":[{"width":1536,"height":1024,"url":"https:\/\/kittyblush.click\/wp-content\/uploads\/2026\/01\/image-9.png","type":"image\/png"}],"twitter_card":"summary_large_image","twitter_misc":{"\u01af\u1edbc t\u00ednh th\u1eddi gian \u0111\u1ecdc":"2 ph\u00fat"},"schema":{"@context":"https:\/\/schema.org","@graph":[{"@type":"WebPage","@id":"https:\/\/kittyblush.click\/?product=rose","url":"https:\/\/kittyblush.click\/?product=rose","name":"Rose - Kitty Blush","isPartOf":{"@id":"https:\/\/kittyblush.click\/#website"},"primaryImageOfPage":{"@id":"https:\/\/kittyblush.click\/?product=rose#primaryimage"},"image":{"@id":"https:\/\/kittyblush.click\/?product=rose#primaryimage"},"thumbnailUrl":"https:\/\/kittyblush.click\/wp-content\/uploads\/2026\/01\/image-9.png","datePublished":"2026-01-22T03:31:32+00:00","dateModified":"2026-02-02T11:23:58+00:00","description":"S\u1ea3n ph\u1ea9m ph\u00f9 h\u1ee3p v\u1edbi nhi\u1ec1u phong c\u00e1ch trang \u0111i\u1ec3m.\u0110\u00e2y l\u00e0 m\u00e0u m\u00e1 h\u1ed3ng d\u1ec5 s\u1eed d\u1ee5ng v\u00e0 kh\u00f4ng k\u00e9n da.Rose l\u00e0 l\u1ef1a ch\u1ecdn ph\u00f9 h\u1ee3p n\u1ebfu b\u1ea1n c\u1ea7n m\u1ed9t m\u00e0u h\u1ed3ng \u0111a n\u0103ng.","breadcrumb":{"@id":"https:\/\/kittyblush.click\/?product=rose#breadcrumb"},"inLanguage":"vi","potentialAction":[{"@type":"ReadAction","target":["https:\/\/kittyblush.click\/?product=rose"]}]},{"@type":"ImageObject","inLanguage":"vi","@id":"https:\/\/kittyblush.click\/?product=rose#primaryimage","url":"https:\/\/kittyblush.click\/wp-content\/uploads\/2026\/01\/image-9.png","contentUrl":"https:\/\/kittyblush.click\/wp-content\/uploads\/2026\/01\/image-9.png","width":1536,"height":1024},{"@type":"BreadcrumbList","@id":"https:\/\/kittyblush.click\/?product=rose#breadcrumb","itemListElement":[{"@type":"ListItem","position":1,"name":"Home","item":"https:\/\/kittyblush.click\/"},{"@type":"ListItem","position":2,"name":"Shop","item":"https:\/\/kittyblush.click\/?page_id=5"},{"@type":"ListItem","position":3,"name":"Rose"}]},{"@type":"WebSite","@id":"https:\/\/kittyblush.click\/#website","url":"https:\/\/kittyblush.click\/","name":"Kitty Blush","description":"","potentialAction":[{"@type":"SearchAction","target":{"@type":"EntryPoint","urlTemplate":"https:\/\/kittyblush.click\/?s={search_term_string}"},"query-input":{"@type":"PropertyValueSpecification","valueRequired":true,"valueName":"search_term_string"}}],"inLanguage":"vi"}]}},"_links":{"self":[{"href":"https:\/\/kittyblush.click\/index.php?rest_route=\/wp\/v2\/product\/116","targetHints":{"allow":["GET"]}}],"collection":[{"href":"https:\/\/kittyblush.click\/index.php?rest_route=\/wp\/v2\/product"}],"about":[{"href":"https:\/\/kittyblush.click\/index.php?rest_route=\/wp\/v2\/types\/product"}],"replies":[{"embeddable":true,"href":"https:\/\/kittyblush.click\/index.php?rest_route=%2Fwp%2Fv2%2Fcomments&post=116"}],"wp:featuredmedia":[{"embeddable":true,"href":"https:\/\/kittyblush.click\/index.php?rest_route=\/wp\/v2\/media\/118"}],"wp:attachment":[{"href":"https:\/\/kittyblush.click\/index.php?rest_route=%2Fwp%2Fv2%2Fmedia&parent=116"}],"wp:term":[{"taxonomy":"product_brand","embeddable":true,"href":"https:\/\/kittyblush.click\/index.php?rest_route=%2Fwp%2Fv2%2Fproduct_brand&post=116"},{"taxonomy":"product_cat","embeddable":true,"href":"https:\/\/kittyblush.click\/index.php?rest_route=%2Fwp%2Fv2%2Fproduct_cat&post=116"},{"taxonomy":"product_tag","embeddable":true,"href":"https:\/\/kittyblush.click\/index.php?rest_route=%2Fwp%2Fv2%2Fproduct_tag&post=116"}],"curies":[{"name":"wp","href":"https:\/\/api.w.org\/{rel}","templated":true}]}}