{"id":114,"date":"2026-01-22T03:16:10","date_gmt":"2026-01-22T03:16:10","guid":{"rendered":"https:\/\/kittyblush.click\/?post_type=product&#038;p=114"},"modified":"2026-02-02T11:24:31","modified_gmt":"2026-02-02T11:24:31","slug":"peach-hug","status":"publish","type":"product","link":"https:\/\/kittyblush.click\/?product=peach-hug","title":{"rendered":"Peach Hug"},"content":{"rendered":"<p data-start=\"242\" data-end=\"540\">M\u00e1 h\u1ed3ng Peach Hug l\u00e0 m\u00e0u m\u00e1 h\u1ed3ng cam \u0111\u00e0o nh\u1eb9, ph\u00f9 h\u1ee3p phong c\u00e1ch trang \u0111i\u1ec3m t\u1ef1 nhi\u00ean.<br data-start=\"327\" data-end=\"330\" \/>S\u1eafc cam \u0111\u00e0o gi\u00fap g\u01b0\u01a1ng m\u1eb7t t\u01b0\u01a1i t\u1eafn v\u00e0 r\u1ea1ng r\u1ee1 h\u01a1n.<br data-start=\"381\" data-end=\"384\" \/>M\u00e0u m\u00e1 h\u1ed3ng n\u00e0y \u0111\u1eb7c bi\u1ec7t ph\u00f9 h\u1ee3p v\u1edbi ng\u01b0\u1eddi c\u00f3 tone da \u1ea5m.<br data-start=\"441\" data-end=\"444\" \/>Da trung b\u00ecnh \u0111\u1ebfn da s\u00e1ng \u0111\u1ec1u s\u1eed d\u1ee5ng \u0111\u1eb9p.<br data-start=\"486\" data-end=\"489\" \/>Peach Hug kh\u00f4ng t\u1ea1o c\u1ea3m gi\u00e1c qu\u00e1 \u0111\u1eadm hay n\u1eb7ng da.<\/p>\n<p data-start=\"542\" data-end=\"726\">Ch\u1ea5t m\u00e1 h\u1ed3ng m\u1ecbn, d\u1ec5 t\u00e1n v\u00e0 d\u1ec5 ki\u1ec3m so\u00e1t m\u00e0u.<br data-start=\"587\" data-end=\"590\" \/>S\u1ea3n ph\u1ea9m kh\u00f4ng v\u00f3n c\u1ee5c khi ch\u1ed3ng nhi\u1ec1u l\u1edbp.<br data-start=\"633\" data-end=\"636\" \/>Khi t\u00e1n nh\u1eb9, m\u00e0u l\u00ean trong tr\u1ebbo v\u00e0 t\u1ef1 nhi\u00ean.<br data-start=\"680\" data-end=\"683\" \/>Khi \u0111\u00e1nh \u0111\u1eadm h\u01a1n, m\u00e0u v\u1eabn h\u00e0i h\u00f2a v\u1edbi da.<\/p>\n<p data-start=\"728\" data-end=\"970\">M\u00e1 h\u1ed3ng Peach Hug ph\u00f9 h\u1ee3p trang \u0111i\u1ec3m \u0111i h\u1ecdc ho\u1eb7c \u0111i l\u00e0m.<br data-start=\"784\" data-end=\"787\" \/>M\u00e0u s\u1eafc mang l\u1ea1i v\u1ebb ngo\u00e0i tr\u1ebb trung v\u00e0 n\u0103ng \u0111\u1ed9ng.<br data-start=\"836\" data-end=\"839\" \/>S\u1ea3n ph\u1ea9m ph\u00f9 h\u1ee3p cho ng\u01b0\u1eddi m\u1edbi b\u1eaft \u0111\u1ea7u makeup.<br data-start=\"885\" data-end=\"888\" \/>M\u00e1 h\u1ed3ng gi\u1eef m\u00e0u \u1ed5n \u0111\u1ecbnh su\u1ed1t nhi\u1ec1u gi\u1edd.<br data-start=\"927\" data-end=\"930\" \/>M\u00e0u kh\u00f4ng b\u1ecb x\u1ec9n hay xu\u1ed1ng tone nhanh.<\/p>\n<p data-start=\"972\" data-end=\"1235\">D\u1ec5 k\u1ebft h\u1ee3p v\u1edbi nhi\u1ec1u phong c\u00e1ch trang \u0111i\u1ec3m kh\u00e1c nhau.<br data-start=\"1035\" data-end=\"1038\" \/>Gam cam \u0111\u00e0o ph\u00f9 h\u1ee3p makeup h\u1eb1ng ng\u00e0y.<br data-start=\"1075\" data-end=\"1078\" \/>M\u00e0u n\u00e0y gi\u00fap g\u01b0\u01a1ng m\u1eb7t tr\u00f4ng t\u01b0\u01a1i h\u01a1n d\u01b0\u1edbi \u00e1nh s\u00e1ng t\u1ef1 nhi\u00ean.<br data-start=\"1139\" data-end=\"1142\" \/>S\u1ea3n ph\u1ea9m ph\u00f9 h\u1ee3p v\u1edbi h\u1ecdc sinh.<br data-start=\"1185\" data-end=\"1188\" \/>M\u00e1 h\u1ed3ng cam \u0111\u00e0o nh\u1eb9 lu\u00f4n l\u00e0 l\u1ef1a ch\u1ecdn an to\u00e0n.<\/p>\n<p data-start=\"1237\" data-end=\"1306\">N\u1ebfu b\u1ea1n c\u1ea7n m\u1ed9t m\u00e0u m\u00e1 h\u1ed3ng d\u1ec5 d\u00f9ng, Peach Hug l\u00e0 l\u1ef1a ch\u1ecdn ph\u00f9 h\u1ee3p.<\/p>\n","protected":false},"excerpt":{"rendered":"<p>M\u00e1 h\u1ed3ng Peach Hug l\u00e0 m\u00e0u m\u00e1 h\u1ed3ng cam \u0111\u00e0o nh\u1eb9, ph\u00f9 h\u1ee3p phong c\u00e1ch trang \u0111i\u1ec3m t\u1ef1 nhi\u00ean.S\u1eafc cam \u0111\u00e0o gi\u00fap g\u01b0\u01a1ng m\u1eb7t t\u01b0\u01a1i t\u1eafn v\u00e0 r\u1ea1ng r\u1ee1 h\u01a1n.M\u00e0u m\u00e1 h\u1ed3ng n\u00e0y \u0111\u1eb7c bi\u1ec7t ph\u00f9 h\u1ee3p v\u1edbi ng\u01b0\u1eddi c\u00f3 tone da \u1ea5m.Da trung b\u00ecnh \u0111\u1ebfn da s\u00e1ng \u0111\u1ec1u s\u1eed d\u1ee5ng \u0111\u1eb9p.Peach Hug kh\u00f4ng t\u1ea1o [&hellip;]<\/p>\n","protected":false},"featured_media":130,"comment_status":"open","ping_status":"closed","template":"","meta":[],"product_brand":[],"product_cat":[23],"product_tag":[20],"class_list":{"0":"post-114","1":"product","2":"type-product","3":"status-publish","4":"has-post-thumbnail","6":"product_cat-ma-hong","7":"product_tag-ma-hong","9":"first","10":"instock","11":"sale","12":"shipping-taxable","13":"purchasable","14":"product-type-simple"},"yoast_head":"<!-- This site is optimized with the Yoast SEO plugin v26.7 - https:\/\/yoast.com\/wordpress\/plugins\/seo\/ -->\n<title>Peach Hug - Kitty Blush<\/title>\n<meta name=\"description\" content=\"S\u1ea3n ph\u1ea9m ph\u00f9 h\u1ee3p v\u1edbi h\u1ecdc sinh v\u00e0 sinh vi\u00ean.M\u00e1 h\u1ed3ng cam \u0111\u00e0o nh\u1eb9 lu\u00f4n l\u00e0 l\u1ef1a ch\u1ecdn an to\u00e0n.N\u1ebfu b\u1ea1n c\u1ea7n m\u1ed9t m\u00e0u m\u00e1 h\u1ed3ng d\u1ec5 d\u00f9ng, Peach Hug l\u00e0 l\u1ef1a ch\u1ecdn ph\u00f9 h\u1ee3p.\" \/>\n<meta name=\"robots\" content=\"index, follow, max-snippet:-1, max-image-preview:large, max-video-preview:-1\" \/>\n<link rel=\"canonical\" href=\"https:\/\/kittyblush.click\/?product=peach-hug\" \/>\n<meta property=\"og:locale\" content=\"vi_VN\" \/>\n<meta property=\"og:type\" content=\"article\" \/>\n<meta property=\"og:title\" content=\"Peach Hug - Kitty Blush\" \/>\n<meta property=\"og:description\" content=\"S\u1ea3n ph\u1ea9m ph\u00f9 h\u1ee3p v\u1edbi h\u1ecdc sinh v\u00e0 sinh vi\u00ean.M\u00e1 h\u1ed3ng cam \u0111\u00e0o nh\u1eb9 lu\u00f4n l\u00e0 l\u1ef1a ch\u1ecdn an to\u00e0n.N\u1ebfu b\u1ea1n c\u1ea7n m\u1ed9t m\u00e0u m\u00e1 h\u1ed3ng d\u1ec5 d\u00f9ng, Peach Hug l\u00e0 l\u1ef1a ch\u1ecdn ph\u00f9 h\u1ee3p.\" \/>\n<meta property=\"og:url\" content=\"https:\/\/kittyblush.click\/?product=peach-hug\" \/>\n<meta property=\"og:site_name\" content=\"Kitty Blush\" \/>\n<meta property=\"article:modified_time\" content=\"2026-02-02T11:24:31+00:00\" \/>\n<meta property=\"og:image\" content=\"https:\/\/kittyblush.click\/wp-content\/uploads\/2026\/01\/image-12.png\" \/>\n\t<meta property=\"og:image:width\" content=\"1536\" \/>\n\t<meta property=\"og:image:height\" content=\"1024\" \/>\n\t<meta property=\"og:image:type\" content=\"image\/png\" \/>\n<meta name=\"twitter:card\" content=\"summary_large_image\" \/>\n<meta name=\"twitter:label1\" content=\"\u01af\u1edbc t\u00ednh th\u1eddi gian \u0111\u1ecdc\" \/>\n\t<meta name=\"twitter:data1\" content=\"2 ph\u00fat\" \/>\n<script type=\"application\/ld+json\" class=\"yoast-schema-graph\">{\"@context\":\"https:\/\/schema.org\",\"@graph\":[{\"@type\":\"WebPage\",\"@id\":\"https:\/\/kittyblush.click\/?product=peach-hug\",\"url\":\"https:\/\/kittyblush.click\/?product=peach-hug\",\"name\":\"Peach Hug - Kitty Blush\",\"isPartOf\":{\"@id\":\"https:\/\/kittyblush.click\/#website\"},\"primaryImageOfPage\":{\"@id\":\"https:\/\/kittyblush.click\/?product=peach-hug#primaryimage\"},\"image\":{\"@id\":\"https:\/\/kittyblush.click\/?product=peach-hug#primaryimage\"},\"thumbnailUrl\":\"https:\/\/kittyblush.click\/wp-content\/uploads\/2026\/01\/image-12.png\",\"datePublished\":\"2026-01-22T03:16:10+00:00\",\"dateModified\":\"2026-02-02T11:24:31+00:00\",\"description\":\"S\u1ea3n ph\u1ea9m ph\u00f9 h\u1ee3p v\u1edbi h\u1ecdc sinh v\u00e0 sinh vi\u00ean.M\u00e1 h\u1ed3ng cam \u0111\u00e0o nh\u1eb9 lu\u00f4n l\u00e0 l\u1ef1a ch\u1ecdn an to\u00e0n.N\u1ebfu b\u1ea1n c\u1ea7n m\u1ed9t m\u00e0u m\u00e1 h\u1ed3ng d\u1ec5 d\u00f9ng, Peach Hug l\u00e0 l\u1ef1a ch\u1ecdn ph\u00f9 h\u1ee3p.\",\"breadcrumb\":{\"@id\":\"https:\/\/kittyblush.click\/?product=peach-hug#breadcrumb\"},\"inLanguage\":\"vi\",\"potentialAction\":[{\"@type\":\"ReadAction\",\"target\":[\"https:\/\/kittyblush.click\/?product=peach-hug\"]}]},{\"@type\":\"ImageObject\",\"inLanguage\":\"vi\",\"@id\":\"https:\/\/kittyblush.click\/?product=peach-hug#primaryimage\",\"url\":\"https:\/\/kittyblush.click\/wp-content\/uploads\/2026\/01\/image-12.png\",\"contentUrl\":\"https:\/\/kittyblush.click\/wp-content\/uploads\/2026\/01\/image-12.png\",\"width\":1536,\"height\":1024},{\"@type\":\"BreadcrumbList\",\"@id\":\"https:\/\/kittyblush.click\/?product=peach-hug#breadcrumb\",\"itemListElement\":[{\"@type\":\"ListItem\",\"position\":1,\"name\":\"Home\",\"item\":\"https:\/\/kittyblush.click\/\"},{\"@type\":\"ListItem\",\"position\":2,\"name\":\"Shop\",\"item\":\"https:\/\/kittyblush.click\/?page_id=5\"},{\"@type\":\"ListItem\",\"position\":3,\"name\":\"Peach Hug\"}]},{\"@type\":\"WebSite\",\"@id\":\"https:\/\/kittyblush.click\/#website\",\"url\":\"https:\/\/kittyblush.click\/\",\"name\":\"Kitty Blush\",\"description\":\"\",\"potentialAction\":[{\"@type\":\"SearchAction\",\"target\":{\"@type\":\"EntryPoint\",\"urlTemplate\":\"https:\/\/kittyblush.click\/?s={search_term_string}\"},\"query-input\":{\"@type\":\"PropertyValueSpecification\",\"valueRequired\":true,\"valueName\":\"search_term_string\"}}],\"inLanguage\":\"vi\"}]}<\/script>\n<!-- \/ Yoast SEO plugin. -->","yoast_head_json":{"title":"Peach Hug - Kitty Blush","description":"S\u1ea3n ph\u1ea9m ph\u00f9 h\u1ee3p v\u1edbi h\u1ecdc sinh v\u00e0 sinh vi\u00ean.M\u00e1 h\u1ed3ng cam \u0111\u00e0o nh\u1eb9 lu\u00f4n l\u00e0 l\u1ef1a ch\u1ecdn an to\u00e0n.N\u1ebfu b\u1ea1n c\u1ea7n m\u1ed9t m\u00e0u m\u00e1 h\u1ed3ng d\u1ec5 d\u00f9ng, Peach Hug l\u00e0 l\u1ef1a ch\u1ecdn ph\u00f9 h\u1ee3p.","robots":{"index":"index","follow":"follow","max-snippet":"max-snippet:-1","max-image-preview":"max-image-preview:large","max-video-preview":"max-video-preview:-1"},"canonical":"https:\/\/kittyblush.click\/?product=peach-hug","og_locale":"vi_VN","og_type":"article","og_title":"Peach Hug - Kitty Blush","og_description":"S\u1ea3n ph\u1ea9m ph\u00f9 h\u1ee3p v\u1edbi h\u1ecdc sinh v\u00e0 sinh vi\u00ean.M\u00e1 h\u1ed3ng cam \u0111\u00e0o nh\u1eb9 lu\u00f4n l\u00e0 l\u1ef1a ch\u1ecdn an to\u00e0n.N\u1ebfu b\u1ea1n c\u1ea7n m\u1ed9t m\u00e0u m\u00e1 h\u1ed3ng d\u1ec5 d\u00f9ng, Peach Hug l\u00e0 l\u1ef1a ch\u1ecdn ph\u00f9 h\u1ee3p.","og_url":"https:\/\/kittyblush.click\/?product=peach-hug","og_site_name":"Kitty Blush","article_modified_time":"2026-02-02T11:24:31+00:00","og_image":[{"width":1536,"height":1024,"url":"https:\/\/kittyblush.click\/wp-content\/uploads\/2026\/01\/image-12.png","type":"image\/png"}],"twitter_card":"summary_large_image","twitter_misc":{"\u01af\u1edbc t\u00ednh th\u1eddi gian \u0111\u1ecdc":"2 ph\u00fat"},"schema":{"@context":"https:\/\/schema.org","@graph":[{"@type":"WebPage","@id":"https:\/\/kittyblush.click\/?product=peach-hug","url":"https:\/\/kittyblush.click\/?product=peach-hug","name":"Peach Hug - Kitty Blush","isPartOf":{"@id":"https:\/\/kittyblush.click\/#website"},"primaryImageOfPage":{"@id":"https:\/\/kittyblush.click\/?product=peach-hug#primaryimage"},"image":{"@id":"https:\/\/kittyblush.click\/?product=peach-hug#primaryimage"},"thumbnailUrl":"https:\/\/kittyblush.click\/wp-content\/uploads\/2026\/01\/image-12.png","datePublished":"2026-01-22T03:16:10+00:00","dateModified":"2026-02-02T11:24:31+00:00","description":"S\u1ea3n ph\u1ea9m ph\u00f9 h\u1ee3p v\u1edbi h\u1ecdc sinh v\u00e0 sinh vi\u00ean.M\u00e1 h\u1ed3ng cam \u0111\u00e0o nh\u1eb9 lu\u00f4n l\u00e0 l\u1ef1a ch\u1ecdn an to\u00e0n.N\u1ebfu b\u1ea1n c\u1ea7n m\u1ed9t m\u00e0u m\u00e1 h\u1ed3ng d\u1ec5 d\u00f9ng, Peach Hug l\u00e0 l\u1ef1a ch\u1ecdn ph\u00f9 h\u1ee3p.","breadcrumb":{"@id":"https:\/\/kittyblush.click\/?product=peach-hug#breadcrumb"},"inLanguage":"vi","potentialAction":[{"@type":"ReadAction","target":["https:\/\/kittyblush.click\/?product=peach-hug"]}]},{"@type":"ImageObject","inLanguage":"vi","@id":"https:\/\/kittyblush.click\/?product=peach-hug#primaryimage","url":"https:\/\/kittyblush.click\/wp-content\/uploads\/2026\/01\/image-12.png","contentUrl":"https:\/\/kittyblush.click\/wp-content\/uploads\/2026\/01\/image-12.png","width":1536,"height":1024},{"@type":"BreadcrumbList","@id":"https:\/\/kittyblush.click\/?product=peach-hug#breadcrumb","itemListElement":[{"@type":"ListItem","position":1,"name":"Home","item":"https:\/\/kittyblush.click\/"},{"@type":"ListItem","position":2,"name":"Shop","item":"https:\/\/kittyblush.click\/?page_id=5"},{"@type":"ListItem","position":3,"name":"Peach Hug"}]},{"@type":"WebSite","@id":"https:\/\/kittyblush.click\/#website","url":"https:\/\/kittyblush.click\/","name":"Kitty Blush","description":"","potentialAction":[{"@type":"SearchAction","target":{"@type":"EntryPoint","urlTemplate":"https:\/\/kittyblush.click\/?s={search_term_string}"},"query-input":{"@type":"PropertyValueSpecification","valueRequired":true,"valueName":"search_term_string"}}],"inLanguage":"vi"}]}},"_links":{"self":[{"href":"https:\/\/kittyblush.click\/index.php?rest_route=\/wp\/v2\/product\/114","targetHints":{"allow":["GET"]}}],"collection":[{"href":"https:\/\/kittyblush.click\/index.php?rest_route=\/wp\/v2\/product"}],"about":[{"href":"https:\/\/kittyblush.click\/index.php?rest_route=\/wp\/v2\/types\/product"}],"replies":[{"embeddable":true,"href":"https:\/\/kittyblush.click\/index.php?rest_route=%2Fwp%2Fv2%2Fcomments&post=114"}],"wp:featuredmedia":[{"embeddable":true,"href":"https:\/\/kittyblush.click\/index.php?rest_route=\/wp\/v2\/media\/130"}],"wp:attachment":[{"href":"https:\/\/kittyblush.click\/index.php?rest_route=%2Fwp%2Fv2%2Fmedia&parent=114"}],"wp:term":[{"taxonomy":"product_brand","embeddable":true,"href":"https:\/\/kittyblush.click\/index.php?rest_route=%2Fwp%2Fv2%2Fproduct_brand&post=114"},{"taxonomy":"product_cat","embeddable":true,"href":"https:\/\/kittyblush.click\/index.php?rest_route=%2Fwp%2Fv2%2Fproduct_cat&post=114"},{"taxonomy":"product_tag","embeddable":true,"href":"https:\/\/kittyblush.click\/index.php?rest_route=%2Fwp%2Fv2%2Fproduct_tag&post=114"}],"curies":[{"name":"wp","href":"https:\/\/api.w.org\/{rel}","templated":true}]}}