{"id":223,"date":"2026-02-07T04:26:05","date_gmt":"2026-02-07T04:26:05","guid":{"rendered":"https:\/\/kittyblush.click\/?page_id=223"},"modified":"2026-02-07T04:26:06","modified_gmt":"2026-02-07T04:26:06","slug":"ve-chung-toi-kitty-blush","status":"publish","type":"page","link":"https:\/\/kittyblush.click\/?page_id=223","title":{"rendered":"V\u1ec1 Ch\u00fang T\u00f4i \u2013 Kitty Blush"},"content":{"rendered":"\n<p>Kitty Blush l\u00e0 m\u1ed9t th\u01b0\u01a1ng hi\u1ec7u nh\u1ecf xinh \u0111\u01b0\u1ee3c t\u1ea1o n\u00ean t\u1eeb t\u00ecnh y\u00eau d\u00e0nh cho c\u00e1i \u0111\u1eb9p nh\u1eb9 nh\u00e0ng v\u00e0 t\u1ef1 nhi\u00ean. <\/p>\n\n\n\n<p>Ch\u00fang m\u00ecnh tin r\u1eb1ng trang \u0111i\u1ec3m kh\u00f4ng c\u1ea7n qu\u00e1 c\u1ea7u k\u1ef3, ch\u1ec9 c\u1ea7n m\u1ed9t ch\u00fat s\u1eafc h\u1ed3ng ph\u00f9 h\u1ee3p . <\/p>\n\n\n\n<p>Kitty Blush ra \u0111\u1eddi v\u1edbi mong mu\u1ed1n mang \u0111\u1ebfn nh\u1eefng s\u1ea3n ph\u1ea9m m\u00e1 h\u1ed3ng d\u1ec5 s\u1eed d\u1ee5ng.<\/p>\n\n\n\n<p>C\u00e2u chuy\u1ec7n c\u1ee7a Kitty Blush b\u1eaft \u0111\u1ea7u t\u1eeb nh\u1eefng kho\u1ea3nh kh\u1eafc r\u1ea5t \u0111\u1eddi th\u01b0\u1eddng. <\/p>\n\n\n\n<p>\u0110\u00f3 l\u00e0 khi ch\u00fang m\u00ecnh nh\u1eadn ra r\u1eb1ng m\u1ed9t m\u00e0u m\u00e1 h\u1ed3ng nh\u1eb9 c\u00f3 th\u1ec3 khi\u1ebfn t\u00e2m tr\u1ea1ng t\u1ed1t h\u01a1n. <\/p>\n\n\n\n<p>T\u1eeb c\u1ea3m x\u00fac \u0111\u00f3, Kitty Blush \u0111\u01b0\u1ee3c h\u00ecnh th\u00e0nh nh\u01b0 m\u1ed9t ng\u01b0\u1eddi b\u1ea1n nh\u1ecf lu\u00f4n \u0111\u1ed3ng h\u00e0nh c\u00f9ng b\u1ea1n.<\/p>\n\n\n\n<figure class=\"wp-block-image size-full\"><img loading=\"lazy\" decoding=\"async\" width=\"552\" height=\"368\" src=\"https:\/\/kittyblush.click\/wp-content\/uploads\/2026\/01\/image-14.png\" alt=\"\" class=\"wp-image-140\" srcset=\"https:\/\/kittyblush.click\/wp-content\/uploads\/2026\/01\/image-14.png 552w, https:\/\/kittyblush.click\/wp-content\/uploads\/2026\/01\/image-14-300x200.png 300w\" sizes=\"auto, (max-width: 552px) 100vw, 552px\" \/><\/figure>\n\n\n\n<p>Kitty Blush kh\u00f4ng ch\u1ec9 t\u1eadp trung v\u00e0o v\u1ebb ngo\u00e0i m\u00e0 c\u00f2n ch\u00fa tr\u1ecdng \u0111\u1ebfn tr\u1ea3i nghi\u1ec7m khi s\u1eed d\u1ee5ng. <\/p>\n\n\n\n<p>T\u1eebng s\u1ea3n ph\u1ea9m \u0111\u01b0\u1ee3c thi\u1ebft k\u1ebf v\u1edbi b\u1ea3ng m\u00e0u d\u1ec5 d\u00f9ng, ch\u1ea5t li\u1ec7u m\u1ec1m m\u1ecbn v\u00e0 bao b\u00ec xinh x\u1eafn. <\/p>\n\n\n\n<p>Ch\u00fang m\u00ecnh mong r\u1eb1ng khi m\u1edf h\u1ed9p s\u1ea3n ph\u1ea9m Kitty Blush, b\u1ea1n s\u1ebd c\u1ea3m nh\u1eadn \u0111\u01b0\u1ee3c s\u1ef1 ch\u0103m ch\u00fat trong t\u1eebng chi ti\u1ebft nh\u1ecf.<\/p>\n\n\n\n<p>Gi\u00e1 tr\u1ecb m\u00e0 Kitty Blush theo \u0111u\u1ed5i l\u00e0 s\u1ef1 \u0111\u01a1n gi\u1ea3n, d\u1ec5 th\u01b0\u01a1ng v\u00e0 g\u1ea7n g\u0169i.<\/p>\n\n\n\n<p> Ch\u00fang m\u00ecnh cam k\u1ebft mang \u0111\u1ebfn nh\u1eefng s\u1ea3n ph\u1ea9m an to\u00e0n, d\u1ec5 s\u1eed d\u1ee5ng v\u00e0 ph\u00f9 h\u1ee3p cho vi\u1ec7c trang \u0111i\u1ec3m h\u1eb1ng ng\u00e0y. <\/p>\n\n\n\n<p>Kitty Blush hy v\u1ecdng s\u1ebd tr\u1edf th\u00e0nh m\u1ed9t ph\u1ea7n nh\u1ecf trong cu\u1ed9c s\u1ed1ng c\u1ee7a b\u1ea1n.<\/p>\n\n\n\n<p><a href=\"https:\/\/www.facebook.com\/profile.php?id=61584464025598\">https:\/\/www.facebook.com\/profile.php?id=61584464025598<\/a><\/p>\n","protected":false},"excerpt":{"rendered":"<p>Kitty Blush l\u00e0 m\u1ed9t th\u01b0\u01a1ng hi\u1ec7u nh\u1ecf xinh \u0111\u01b0\u1ee3c t\u1ea1o n\u00ean t\u1eeb t\u00ecnh y\u00eau d\u00e0nh cho c\u00e1i \u0111\u1eb9p nh\u1eb9 nh\u00e0ng v\u00e0 t\u1ef1 nhi\u00ean. Ch\u00fang m\u00ecnh tin r\u1eb1ng trang \u0111i\u1ec3m kh\u00f4ng c\u1ea7n qu\u00e1 c\u1ea7u k\u1ef3, ch\u1ec9 c\u1ea7n m\u1ed9t ch\u00fat s\u1eafc h\u1ed3ng ph\u00f9 h\u1ee3p . Kitty Blush ra \u0111\u1eddi v\u1edbi mong mu\u1ed1n mang \u0111\u1ebfn nh\u1eefng s\u1ea3n ph\u1ea9m [&hellip;]<\/p>\n","protected":false},"author":1,"featured_media":0,"parent":0,"menu_order":0,"comment_status":"closed","ping_status":"closed","template":"","meta":{"footnotes":""},"class_list":["post-223","page","type-page","status-publish","hentry"],"yoast_head":"<!-- This site is optimized with the Yoast SEO plugin v26.7 - https:\/\/yoast.com\/wordpress\/plugins\/seo\/ -->\n<title>V\u1ec1 Ch\u00fang T\u00f4i \u2013 Kitty Blush - Kitty Blush<\/title>\n<meta name=\"robots\" content=\"index, follow, max-snippet:-1, max-image-preview:large, max-video-preview:-1\" \/>\n<link rel=\"canonical\" href=\"https:\/\/kittyblush.click\/?page_id=223\" \/>\n<meta property=\"og:locale\" content=\"vi_VN\" \/>\n<meta property=\"og:type\" content=\"article\" \/>\n<meta property=\"og:title\" content=\"V\u1ec1 Ch\u00fang T\u00f4i \u2013 Kitty Blush - Kitty Blush\" \/>\n<meta property=\"og:description\" content=\"Kitty Blush l\u00e0 m\u1ed9t th\u01b0\u01a1ng hi\u1ec7u nh\u1ecf xinh \u0111\u01b0\u1ee3c t\u1ea1o n\u00ean t\u1eeb t\u00ecnh y\u00eau d\u00e0nh cho c\u00e1i \u0111\u1eb9p nh\u1eb9 nh\u00e0ng v\u00e0 t\u1ef1 nhi\u00ean. Ch\u00fang m\u00ecnh tin r\u1eb1ng trang \u0111i\u1ec3m kh\u00f4ng c\u1ea7n qu\u00e1 c\u1ea7u k\u1ef3, ch\u1ec9 c\u1ea7n m\u1ed9t ch\u00fat s\u1eafc h\u1ed3ng ph\u00f9 h\u1ee3p . Kitty Blush ra \u0111\u1eddi v\u1edbi mong mu\u1ed1n mang \u0111\u1ebfn nh\u1eefng s\u1ea3n ph\u1ea9m [&hellip;]\" \/>\n<meta property=\"og:url\" content=\"https:\/\/kittyblush.click\/?page_id=223\" \/>\n<meta property=\"og:site_name\" content=\"Kitty Blush\" \/>\n<meta property=\"article:modified_time\" content=\"2026-02-07T04:26:06+00:00\" \/>\n<meta property=\"og:image\" content=\"https:\/\/kittyblush.click\/wp-content\/uploads\/2026\/01\/image-14.png\" \/>\n\t<meta property=\"og:image:width\" content=\"552\" \/>\n\t<meta property=\"og:image:height\" content=\"368\" \/>\n\t<meta property=\"og:image:type\" content=\"image\/png\" \/>\n<meta name=\"twitter:card\" content=\"summary_large_image\" \/>\n<meta name=\"twitter:label1\" content=\"\u01af\u1edbc t\u00ednh th\u1eddi gian \u0111\u1ecdc\" \/>\n\t<meta name=\"twitter:data1\" content=\"2 ph\u00fat\" \/>\n<script type=\"application\/ld+json\" class=\"yoast-schema-graph\">{\"@context\":\"https:\/\/schema.org\",\"@graph\":[{\"@type\":\"WebPage\",\"@id\":\"https:\/\/kittyblush.click\/?page_id=223\",\"url\":\"https:\/\/kittyblush.click\/?page_id=223\",\"name\":\"V\u1ec1 Ch\u00fang T\u00f4i \u2013 Kitty Blush - Kitty Blush\",\"isPartOf\":{\"@id\":\"https:\/\/kittyblush.click\/#website\"},\"primaryImageOfPage\":{\"@id\":\"https:\/\/kittyblush.click\/?page_id=223#primaryimage\"},\"image\":{\"@id\":\"https:\/\/kittyblush.click\/?page_id=223#primaryimage\"},\"thumbnailUrl\":\"https:\/\/kittyblush.click\/wp-content\/uploads\/2026\/01\/image-14.png\",\"datePublished\":\"2026-02-07T04:26:05+00:00\",\"dateModified\":\"2026-02-07T04:26:06+00:00\",\"breadcrumb\":{\"@id\":\"https:\/\/kittyblush.click\/?page_id=223#breadcrumb\"},\"inLanguage\":\"vi\",\"potentialAction\":[{\"@type\":\"ReadAction\",\"target\":[\"https:\/\/kittyblush.click\/?page_id=223\"]}]},{\"@type\":\"ImageObject\",\"inLanguage\":\"vi\",\"@id\":\"https:\/\/kittyblush.click\/?page_id=223#primaryimage\",\"url\":\"https:\/\/kittyblush.click\/wp-content\/uploads\/2026\/01\/image-14.png\",\"contentUrl\":\"https:\/\/kittyblush.click\/wp-content\/uploads\/2026\/01\/image-14.png\",\"width\":552,\"height\":368},{\"@type\":\"BreadcrumbList\",\"@id\":\"https:\/\/kittyblush.click\/?page_id=223#breadcrumb\",\"itemListElement\":[{\"@type\":\"ListItem\",\"position\":1,\"name\":\"Home\",\"item\":\"https:\/\/kittyblush.click\/\"},{\"@type\":\"ListItem\",\"position\":2,\"name\":\"V\u1ec1 Ch\u00fang T\u00f4i \u2013 Kitty Blush\"}]},{\"@type\":\"WebSite\",\"@id\":\"https:\/\/kittyblush.click\/#website\",\"url\":\"https:\/\/kittyblush.click\/\",\"name\":\"Kitty Blush\",\"description\":\"\",\"potentialAction\":[{\"@type\":\"SearchAction\",\"target\":{\"@type\":\"EntryPoint\",\"urlTemplate\":\"https:\/\/kittyblush.click\/?s={search_term_string}\"},\"query-input\":{\"@type\":\"PropertyValueSpecification\",\"valueRequired\":true,\"valueName\":\"search_term_string\"}}],\"inLanguage\":\"vi\"}]}<\/script>\n<!-- \/ Yoast SEO plugin. -->","yoast_head_json":{"title":"V\u1ec1 Ch\u00fang T\u00f4i \u2013 Kitty Blush - Kitty Blush","robots":{"index":"index","follow":"follow","max-snippet":"max-snippet:-1","max-image-preview":"max-image-preview:large","max-video-preview":"max-video-preview:-1"},"canonical":"https:\/\/kittyblush.click\/?page_id=223","og_locale":"vi_VN","og_type":"article","og_title":"V\u1ec1 Ch\u00fang T\u00f4i \u2013 Kitty Blush - Kitty Blush","og_description":"Kitty Blush l\u00e0 m\u1ed9t th\u01b0\u01a1ng hi\u1ec7u nh\u1ecf xinh \u0111\u01b0\u1ee3c t\u1ea1o n\u00ean t\u1eeb t\u00ecnh y\u00eau d\u00e0nh cho c\u00e1i \u0111\u1eb9p nh\u1eb9 nh\u00e0ng v\u00e0 t\u1ef1 nhi\u00ean. Ch\u00fang m\u00ecnh tin r\u1eb1ng trang \u0111i\u1ec3m kh\u00f4ng c\u1ea7n qu\u00e1 c\u1ea7u k\u1ef3, ch\u1ec9 c\u1ea7n m\u1ed9t ch\u00fat s\u1eafc h\u1ed3ng ph\u00f9 h\u1ee3p . Kitty Blush ra \u0111\u1eddi v\u1edbi mong mu\u1ed1n mang \u0111\u1ebfn nh\u1eefng s\u1ea3n ph\u1ea9m [&hellip;]","og_url":"https:\/\/kittyblush.click\/?page_id=223","og_site_name":"Kitty Blush","article_modified_time":"2026-02-07T04:26:06+00:00","og_image":[{"width":552,"height":368,"url":"https:\/\/kittyblush.click\/wp-content\/uploads\/2026\/01\/image-14.png","type":"image\/png"}],"twitter_card":"summary_large_image","twitter_misc":{"\u01af\u1edbc t\u00ednh th\u1eddi gian \u0111\u1ecdc":"2 ph\u00fat"},"schema":{"@context":"https:\/\/schema.org","@graph":[{"@type":"WebPage","@id":"https:\/\/kittyblush.click\/?page_id=223","url":"https:\/\/kittyblush.click\/?page_id=223","name":"V\u1ec1 Ch\u00fang T\u00f4i \u2013 Kitty Blush - Kitty Blush","isPartOf":{"@id":"https:\/\/kittyblush.click\/#website"},"primaryImageOfPage":{"@id":"https:\/\/kittyblush.click\/?page_id=223#primaryimage"},"image":{"@id":"https:\/\/kittyblush.click\/?page_id=223#primaryimage"},"thumbnailUrl":"https:\/\/kittyblush.click\/wp-content\/uploads\/2026\/01\/image-14.png","datePublished":"2026-02-07T04:26:05+00:00","dateModified":"2026-02-07T04:26:06+00:00","breadcrumb":{"@id":"https:\/\/kittyblush.click\/?page_id=223#breadcrumb"},"inLanguage":"vi","potentialAction":[{"@type":"ReadAction","target":["https:\/\/kittyblush.click\/?page_id=223"]}]},{"@type":"ImageObject","inLanguage":"vi","@id":"https:\/\/kittyblush.click\/?page_id=223#primaryimage","url":"https:\/\/kittyblush.click\/wp-content\/uploads\/2026\/01\/image-14.png","contentUrl":"https:\/\/kittyblush.click\/wp-content\/uploads\/2026\/01\/image-14.png","width":552,"height":368},{"@type":"BreadcrumbList","@id":"https:\/\/kittyblush.click\/?page_id=223#breadcrumb","itemListElement":[{"@type":"ListItem","position":1,"name":"Home","item":"https:\/\/kittyblush.click\/"},{"@type":"ListItem","position":2,"name":"V\u1ec1 Ch\u00fang T\u00f4i \u2013 Kitty Blush"}]},{"@type":"WebSite","@id":"https:\/\/kittyblush.click\/#website","url":"https:\/\/kittyblush.click\/","name":"Kitty Blush","description":"","potentialAction":[{"@type":"SearchAction","target":{"@type":"EntryPoint","urlTemplate":"https:\/\/kittyblush.click\/?s={search_term_string}"},"query-input":{"@type":"PropertyValueSpecification","valueRequired":true,"valueName":"search_term_string"}}],"inLanguage":"vi"}]}},"_links":{"self":[{"href":"https:\/\/kittyblush.click\/index.php?rest_route=\/wp\/v2\/pages\/223","targetHints":{"allow":["GET"]}}],"collection":[{"href":"https:\/\/kittyblush.click\/index.php?rest_route=\/wp\/v2\/pages"}],"about":[{"href":"https:\/\/kittyblush.click\/index.php?rest_route=\/wp\/v2\/types\/page"}],"author":[{"embeddable":true,"href":"https:\/\/kittyblush.click\/index.php?rest_route=\/wp\/v2\/users\/1"}],"replies":[{"embeddable":true,"href":"https:\/\/kittyblush.click\/index.php?rest_route=%2Fwp%2Fv2%2Fcomments&post=223"}],"version-history":[{"count":1,"href":"https:\/\/kittyblush.click\/index.php?rest_route=\/wp\/v2\/pages\/223\/revisions"}],"predecessor-version":[{"id":224,"href":"https:\/\/kittyblush.click\/index.php?rest_route=\/wp\/v2\/pages\/223\/revisions\/224"}],"wp:attachment":[{"href":"https:\/\/kittyblush.click\/index.php?rest_route=%2Fwp%2Fv2%2Fmedia&parent=223"}],"curies":[{"name":"wp","href":"https:\/\/api.w.org\/{rel}","templated":true}]}}